{"id":278,"date":"2018-03-31T03:26:25","date_gmt":"2018-03-31T03:26:25","guid":{"rendered":"http:\/\/cosechamundial.org\/2016\/?page_id=278"},"modified":"2018-04-23T18:26:04","modified_gmt":"2018-04-23T18:26:04","slug":"fundadores-2","status":"publish","type":"page","link":"https:\/\/cosechamundial.org\/cm\/fundadores-2\/","title":{"rendered":"Apostoles"},"content":{"rendered":"<div class=\"wpb-content-wrapper\">[mk_page_section bg_image=&#8221;http:\/\/cosechamundial.org\/2016\/wp-content\/uploads\/2018\/04\/apostoles-portada.jpg&#8221; bg_position=&#8221;center center&#8221; bg_repeat=&#8221;no-repeat&#8221; bg_stretch=&#8221;true&#8221; video_color_mask=&#8221;#494949&#8243; adaptive_height=&#8221;true&#8221; min_height=&#8221;200&#8243; js_vertical_centered=&#8221;true&#8221; padding_top=&#8221;0&#8243; padding_bottom=&#8221;0&#8243; sidebar=&#8221;sidebar-1&#8243;][vc_column][mk_fancy_title tag_name=&#8221;h1&#8243; color=&#8221;#ffffff&#8221; size=&#8221;45&#8243; force_font_size=&#8221;true&#8221; size_tablet=&#8221;35&#8243; size_phone=&#8221;25&#8243; font_weight=&#8221;300&#8243; txt_transform=&#8221;capitalize&#8221; margin_bottom=&#8221;0&#8243; font_family=&#8221;none&#8221; align=&#8221;center&#8221;]AP\u00d3STOLES MART\u00cdN &amp; KIMBERLY[\/mk_fancy_title][\/vc_column][\/mk_page_section][mk_page_section bg_color=&#8221;#f0f0f0&#8243; bg_repeat=&#8221;no-repeat&#8221; bg_stretch=&#8221;true&#8221; full_height=&#8221;true&#8221; padding_top=&#8221;100&#8243; padding_bottom=&#8221;80&#8243; sidebar=&#8221;sidebar-1&#8243;][vc_column][mk_fancy_title color=&#8221;#323232&#8243; size=&#8221;50&#8243; force_font_size=&#8221;true&#8221; size_tablet=&#8221;40&#8243; font_weight=&#8221;300&#8243; txt_transform=&#8221;capitalize&#8221; margin_bottom=&#8221;0&#8243; font_family=&#8221;none&#8221; align=&#8221;center&#8221;]FUNDADORES DEL MINISTERIO[\/mk_fancy_title][vc_row_inner][vc_column_inner width=&#8221;1\/3&#8243;][\/vc_column_inner][vc_column_inner width=&#8221;1\/3&#8243;][\/vc_column_inner][vc_column_inner width=&#8221;1\/3&#8243;][\/vc_column_inner][\/vc_row_inner][mk_padding_divider][vc_row_inner is_fullwidth_content=&#8221;false&#8221;][vc_column_inner width=&#8221;1\/2&#8243;][mk_image src=&#8221;http:\/\/cosechamundial.org\/wp-content\/uploads\/2018\/04\/apostolm.jpg&#8221; image_size=&#8221;large&#8221; align=&#8221;center&#8221; margin_bottom=&#8221;0&#8243;][mk_padding_divider size=&#8221;20&#8243; visibility=&#8221;visible-sm&#8221;][\/vc_column_inner][vc_column_inner width=&#8221;1\/2&#8243;][mk_fancy_title tag_name=&#8221;h4&#8243; color=&#8221;#0f9bdc&#8221; size=&#8221;18&#8243; font_weight=&#8221;bold&#8221; font_family=&#8221;none&#8221;]Ap\u00f3stol Mart\u00edn Angulo[\/mk_fancy_title][vc_column_text css=&#8221;.vc_custom_1523016455837{margin-bottom: 0px !important;}&#8221;]<span style=\"color: #727272;\">Ap\u00f3stol, padre, esposo y destacado l\u00edder. Hombre amado, y respetado por su entrega en la causa de Cristo y su iglesia. El ap\u00f3stol Mart\u00edn es<br \/>\nconsiderado como un apasionado de Dios, transparente y cargado de humildad; sus ense\u00f1anzas e impartici\u00f3n caracterizadas por la<br \/>\n\u201cfrescura\u201d y \u201cclaridad\u201d, tienen como objetivo un cambio de mentalidad y el desarrollo del prop\u00f3sito en aquellos que las reciben. De lenguaje<br \/>\nsencillo y gran carisma, sus palabras encienden corazones y desaf\u00edan.<br \/>\nCristo es el Se\u00f1or de su vida, y as\u00ed se deja ver.<\/span>[\/vc_column_text][\/vc_column_inner][\/vc_row_inner][mk_padding_divider size=&#8221;60&#8243;][vc_row_inner is_fullwidth_content=&#8221;false&#8221;][vc_column_inner width=&#8221;1\/2&#8243;][mk_fancy_title tag_name=&#8221;h4&#8243; color=&#8221;#0f9bdc&#8221; size=&#8221;18&#8243; font_weight=&#8221;bold&#8221; font_family=&#8221;none&#8221;]Ap\u00f3stol Kimberly Angulo[\/mk_fancy_title][vc_column_text css=&#8221;.vc_custom_1523016366758{margin-bottom: 0px !important;}&#8221;]Ap\u00f3stol, esposa y madre. As\u00ed se la considera, respeta, y ama. Una mujer de Dios, llena de sabiduria, y entendida en cuanto a las relaciones. El ap\u00f3stol Kimberly es una destacada maestra de la Palabra de Dios, caracterizada por exponer su ense\u00f1anza de una forma clara y pr\u00e1ctica. Fiel e inteligente administradora, ha provocado que Cosecha Mundial a trav\u00e9s de diferentes actividades (educativas y sociales) irrumpa en \u00e1mbitos seculares con el mensaje\u00a0de Cristo. Cristo es el Se\u00f1or de su vida y la raz\u00f3n de caminar[\/vc_column_text][\/vc_column_inner][vc_column_inner width=&#8221;1\/2&#8243;][mk_image src=&#8221;http:\/\/cosechamundial.org\/wp-content\/uploads\/2018\/04\/apostolk.jpg&#8221; image_size=&#8221;large&#8221; align=&#8221;center&#8221; margin_bottom=&#8221;0&#8243;][mk_padding_divider size=&#8221;20&#8243; visibility=&#8221;visible-sm&#8221;][\/vc_column_inner][\/vc_row_inner][\/vc_column][\/mk_page_section][vc_row][vc_column width=&#8221;1\/3&#8243;][\/vc_column][vc_column width=&#8221;1\/3&#8243;][vc_btn title=&#8221;Conoce la Historia&#8221; style=&#8221;classic&#8221; color=&#8221;info&#8221; link=&#8221;url:http%3A%2F%2Fcosechamundial.org%2Fhistoria%2F|||&#8221;][\/vc_column][vc_column width=&#8221;1\/3&#8243;][\/vc_column][\/vc_row]\n<\/div>","protected":false},"excerpt":{"rendered":"<p>[mk_page_section bg_image=&#8221;http:\/\/cosechamundial.org\/2016\/wp-content\/uploads\/2018\/04\/apostoles-portada.jpg&#8221; bg_position=&#8221;center center&#8221; bg_repeat=&#8221;no-repeat&#8221; bg_stretch=&#8221;true&#8221; video_color_mask=&#8221;#494949&#8243; adaptive_height=&#8221;true&#8221; min_height=&#8221;200&#8243; js_vertical_centered=&#8221;true&#8221; padding_top=&#8221;0&#8243; padding_bottom=&#8221;0&#8243; sidebar=&#8221;sidebar-1&#8243;][vc_column][mk_fancy_title tag_name=&#8221;h1&#8243; color=&#8221;#ffffff&#8221; size=&#8221;45&#8243; force_font_size=&#8221;true&#8221; size_tablet=&#8221;35&#8243; size_phone=&#8221;25&#8243; font_weight=&#8221;300&#8243; txt_transform=&#8221;capitalize&#8221; margin_bottom=&#8221;0&#8243; font_family=&#8221;none&#8221; align=&#8221;center&#8221;]AP\u00d3STOLES MART\u00cdN &amp; KIMBERLY[\/mk_fancy_title][\/vc_column][\/mk_page_section][mk_page_section bg_color=&#8221;#f0f0f0&#8243; bg_repeat=&#8221;no-repeat&#8221; bg_stretch=&#8221;true&#8221; full_height=&#8221;true&#8221; padding_top=&#8221;100&#8243; padding_bottom=&#8221;80&#8243; sidebar=&#8221;sidebar-1&#8243;][vc_column][mk_fancy_title color=&#8221;#323232&#8243; size=&#8221;50&#8243; force_font_size=&#8221;true&#8221; size_tablet=&#8221;40&#8243; font_weight=&#8221;300&#8243; txt_transform=&#8221;capitalize&#8221; margin_bottom=&#8221;0&#8243; font_family=&#8221;none&#8221; align=&#8221;center&#8221;]FUNDADORES DEL MINISTERIO[\/mk_fancy_title][vc_row_inner][vc_column_inner width=&#8221;1\/3&#8243;][\/vc_column_inner][vc_column_inner width=&#8221;1\/3&#8243;][\/vc_column_inner][vc_column_inner width=&#8221;1\/3&#8243;][\/vc_column_inner][\/vc_row_inner][mk_padding_divider][vc_row_inner is_fullwidth_content=&#8221;false&#8221;][vc_column_inner width=&#8221;1\/2&#8243;][mk_image src=&#8221;http:\/\/cosechamundial.org\/wp-content\/uploads\/2018\/04\/apostolm.jpg&#8221; image_size=&#8221;large&#8221; align=&#8221;center&#8221; margin_bottom=&#8221;0&#8243;][mk_padding_divider size=&#8221;20&#8243; [&hellip;]<\/p>\n","protected":false},"author":1,"featured_media":0,"parent":0,"menu_order":0,"comment_status":"closed","ping_status":"closed","template":"","meta":{"_acf_changed":false,"footnotes":""},"class_list":["post-278","page","type-page","status-publish","hentry"],"acf":[],"_links":{"self":[{"href":"https:\/\/cosechamundial.org\/cm\/wp-json\/wp\/v2\/pages\/278","targetHints":{"allow":["GET"]}}],"collection":[{"href":"https:\/\/cosechamundial.org\/cm\/wp-json\/wp\/v2\/pages"}],"about":[{"href":"https:\/\/cosechamundial.org\/cm\/wp-json\/wp\/v2\/types\/page"}],"author":[{"embeddable":true,"href":"https:\/\/cosechamundial.org\/cm\/wp-json\/wp\/v2\/users\/1"}],"replies":[{"embeddable":true,"href":"https:\/\/cosechamundial.org\/cm\/wp-json\/wp\/v2\/comments?post=278"}],"version-history":[{"count":14,"href":"https:\/\/cosechamundial.org\/cm\/wp-json\/wp\/v2\/pages\/278\/revisions"}],"predecessor-version":[{"id":8283,"href":"https:\/\/cosechamundial.org\/cm\/wp-json\/wp\/v2\/pages\/278\/revisions\/8283"}],"wp:attachment":[{"href":"https:\/\/cosechamundial.org\/cm\/wp-json\/wp\/v2\/media?parent=278"}],"curies":[{"name":"wp","href":"https:\/\/api.w.org\/{rel}","templated":true}]}}