{"id":341,"date":"2018-03-31T06:14:05","date_gmt":"2018-03-31T06:14:05","guid":{"rendered":"http:\/\/cosechamundial.org\/2016\/?page_id=341"},"modified":"2018-05-21T11:28:12","modified_gmt":"2018-05-21T11:28:12","slug":"loquecreemos","status":"publish","type":"page","link":"https:\/\/cosechamundial.org\/cm\/loquecreemos\/","title":{"rendered":"lo que creemos"},"content":{"rendered":"[mk_page_section bg_image=&#8221;http:\/\/cosechamundial.org\/wp-content\/uploads\/2018\/04\/creemos.jpg&#8221; bg_position=&#8221;center center&#8221; bg_repeat=&#8221;no-repeat&#8221; bg_stretch=&#8221;true&#8221; video_color_mask=&#8221;#494949&#8243; adaptive_height=&#8221;true&#8221; min_height=&#8221;200&#8243; js_vertical_centered=&#8221;true&#8221; padding_top=&#8221;0&#8243; padding_bottom=&#8221;0&#8243; sidebar=&#8221;sidebar-1&#8243;][vc_column][mk_fancy_title color=&#8221;#dddddd&#8221; size=&#8221;50&#8243; force_font_size=&#8221;true&#8221; size_tablet=&#8221;40&#8243; font_weight=&#8221;300&#8243; txt_transform=&#8221;capitalize&#8221; margin_bottom=&#8221;0&#8243; font_family=&#8221;none&#8221; align=&#8221;center&#8221;]LO QUE CREEMOS[\/mk_fancy_title][\/vc_column][\/mk_page_section][mk_page_section bg_color=&#8221;#f0f0f0&#8243; bg_repeat=&#8221;no-repeat&#8221; bg_stretch=&#8221;true&#8221; full_height=&#8221;true&#8221; padding_top=&#8221;100&#8243; padding_bottom=&#8221;80&#8243; sidebar=&#8221;sidebar-1&#8243;][vc_column][mk_fancy_title tag_name=&#8221;h4&#8243; color=&#8221;#636363&#8243; size=&#8221;16&#8243; font_weight=&#8221;300&#8243; font_family=&#8221;none&#8221; align=&#8221;center&#8221;]\n<ul>\n<li style=\"text-align: left;\">Hay un solo Dios verdadero, \u00c9l es el Rey eterno, Creador y Redentor de todo.<\/li>\n<li style=\"text-align: left;\">\u00c9l es perfectamente santo, justo, amoroso y verdadero. \u00c9l se ha revelado a s\u00ed mismo para ser eternamente auto existente \u2013 un ser en tres personas:<br \/>\nDios el Padre, Dios el Hijo y Dios el Esp\u00edritu Santo.<\/li>\n<li style=\"text-align: left;\">La Biblia es la Palabra de Dios inspirada, infalible y con autoridad dada por \u00c9l.<\/li>\n<li style=\"text-align: left;\">La humanidad es creaci\u00f3n de Dios, hecha a su imagen y semejanza, para que \u00e9sta lo conozca y tenga relaci\u00f3n con \u00c9l; aunque el hombre rechaz\u00f3 por su<br \/>\ndesobediencia voluntariamente el Se\u00f1or\u00edo y gloria de Dios. Por esta raz\u00f3n, la enfermedad, la muerte y el juicio entraron al mundo y ahora la creaci\u00f3n<br \/>\nexperimenta los efectos y consecuencias del pecado.<\/li>\n<li style=\"text-align: left;\">El Se\u00f1or Jesucristo, el unig\u00e9nito Hijo de Dios, fue concebido por el Esp\u00edritu Santo, nacido de la virgen Mar\u00eda y es el Ungido de Dios, facultado por el<br \/>\nEsp\u00edritu Santo para iniciar el Reino de Dios en la tierra. \u00c9l fue crucicado<br \/>\npor nuestros pecados, muerto y sepultado, resucitado y ascendi\u00f3 a los cielos.<br \/>\nAhora \u00c9l est\u00e1 vivo, en la presencia de Dios el Padre y en Su pueblo. \u00c9l es el \u201cverdadero Dios\u201d y el \u201cverdadero hombre\u201d.<\/li>\n<li style=\"text-align: left;\">Somos salvos por la gracia de Dios, a trav\u00e9s de la fe en la persona y obra de Jesucristo. Cualquier persona puede ser restituida a la \u00a0relaci\u00f3n y<br \/>\ncomuni\u00f3n con Dios a trav\u00e9s del arrepentimiento, \u00a0la creencia y de recibir a Jes\u00fas como su Se\u00f1or y Salvador. El Esp\u00edritu Santo nos convence, regenera y<br \/>\nadopta para entrar al Reino de Dios como Hijos e Hijas.<\/li>\n<li style=\"text-align: left;\">Es el poder santificador del Esp\u00edritu Santo, que mora en el cristiano el que le permite vivir una vida santa y ministrar sobrenaturalmente.<\/li>\n<li style=\"text-align: left;\">La llenura del Esp\u00edritu Santo, basados en Hechos 2:1 \u2013 4 sobre los creyentes para darles el poder de ser testigos.<\/li>\n<li style=\"text-align: left;\">La victoriosa obra redentora de Cristo en la cruz, nos libera del poder del enemigo \u2013 pecado, mentiras, enfermedad y tormento.<\/li>\n<li style=\"text-align: left;\">La iglesia esta compuesta por \u00a0todos aquellos que ponen su fe en Jesucristo. \u00c9l le ha dado a Su iglesia las ordenanzas del Bautismo y la Cena de Se\u00f1or. La Iglesia existe para llevar a cabo el ministerio de Jesucristo y hacer avanzar Su Reino mientras deshace las obras del enemigo; predicando y viviendo<br \/>\nlas buenas nuevas del amor de Dios, haciendo disc\u00edpulos a las naciones, bautiz\u00e1ndolos y ense\u00f1\u00e1ndoles a amar y a obedecer a Dios.<\/li>\n<li style=\"text-align: left;\">El incremento del gobierno de Dios y su Esperanza Bendita es la recompensa gloriosa visible de nuestro Se\u00f1or Jesucristo para su esposa, la Iglesia. El<br \/>\ncielo y el ifierno.<br \/>\nson lugares reales. Habr\u00e1 resurrecci\u00f3n de los salvos y los perdidos; unos para la vida eterna y otros para la muerte eterna.<\/li>\n<\/ul>\n[\/mk_fancy_title][mk_padding_divider size=&#8221;60&#8243;][\/vc_column][\/mk_page_section]\n","protected":false},"excerpt":{"rendered":"<p>[mk_page_section bg_image=&#8221;http:\/\/cosechamundial.org\/wp-content\/uploads\/2018\/04\/creemos.jpg&#8221; bg_position=&#8221;center center&#8221; bg_repeat=&#8221;no-repeat&#8221; bg_stretch=&#8221;true&#8221; video_color_mask=&#8221;#494949&#8243; adaptive_height=&#8221;true&#8221; min_height=&#8221;200&#8243; js_vertical_centered=&#8221;true&#8221; padding_top=&#8221;0&#8243; padding_bottom=&#8221;0&#8243; sidebar=&#8221;sidebar-1&#8243;][vc_column][mk_fancy_title color=&#8221;#dddddd&#8221; size=&#8221;50&#8243; force_font_size=&#8221;true&#8221; size_tablet=&#8221;40&#8243; font_weight=&#8221;300&#8243; txt_transform=&#8221;capitalize&#8221; margin_bottom=&#8221;0&#8243; font_family=&#8221;none&#8221; align=&#8221;center&#8221;]LO QUE CREEMOS[\/mk_fancy_title][\/vc_column][\/mk_page_section][mk_page_section bg_color=&#8221;#f0f0f0&#8243; bg_repeat=&#8221;no-repeat&#8221; bg_stretch=&#8221;true&#8221; full_height=&#8221;true&#8221; padding_top=&#8221;100&#8243; padding_bottom=&#8221;80&#8243; sidebar=&#8221;sidebar-1&#8243;][vc_column][mk_fancy_title tag_name=&#8221;h4&#8243; color=&#8221;#636363&#8243; size=&#8221;16&#8243; font_weight=&#8221;300&#8243; font_family=&#8221;none&#8221; align=&#8221;center&#8221;] Hay un solo Dios verdadero, \u00c9l es el Rey eterno, Creador y Redentor de todo. \u00c9l es perfectamente [&hellip;]<\/p>\n","protected":false},"author":1,"featured_media":0,"parent":0,"menu_order":0,"comment_status":"closed","ping_status":"closed","template":"","meta":{"_acf_changed":false,"footnotes":""},"class_list":["post-341","page","type-page","status-publish","hentry"],"acf":[],"_links":{"self":[{"href":"https:\/\/cosechamundial.org\/cm\/wp-json\/wp\/v2\/pages\/341","targetHints":{"allow":["GET"]}}],"collection":[{"href":"https:\/\/cosechamundial.org\/cm\/wp-json\/wp\/v2\/pages"}],"about":[{"href":"https:\/\/cosechamundial.org\/cm\/wp-json\/wp\/v2\/types\/page"}],"author":[{"embeddable":true,"href":"https:\/\/cosechamundial.org\/cm\/wp-json\/wp\/v2\/users\/1"}],"replies":[{"embeddable":true,"href":"https:\/\/cosechamundial.org\/cm\/wp-json\/wp\/v2\/comments?post=341"}],"version-history":[{"count":11,"href":"https:\/\/cosechamundial.org\/cm\/wp-json\/wp\/v2\/pages\/341\/revisions"}],"predecessor-version":[{"id":8375,"href":"https:\/\/cosechamundial.org\/cm\/wp-json\/wp\/v2\/pages\/341\/revisions\/8375"}],"wp:attachment":[{"href":"https:\/\/cosechamundial.org\/cm\/wp-json\/wp\/v2\/media?parent=341"}],"curies":[{"name":"wp","href":"https:\/\/api.w.org\/{rel}","templated":true}]}}