{"id":8264,"date":"2018-04-23T17:33:06","date_gmt":"2018-04-23T17:33:06","guid":{"rendered":"http:\/\/cosechamundial.org\/?page_id=8264"},"modified":"2020-06-09T02:17:27","modified_gmt":"2020-06-09T02:17:27","slug":"enc-deamistad","status":"publish","type":"page","link":"https:\/\/cosechamundial.org\/cm\/enc-deamistad\/","title":{"rendered":"Enc.deamistad"},"content":{"rendered":"[mk_page_section bg_image=&#8221;http:\/\/cosechamundial.org\/wp-content\/uploads\/2018\/04\/creemos.jpg&#8221; bg_position=&#8221;center center&#8221; bg_repeat=&#8221;no-repeat&#8221; bg_stretch=&#8221;true&#8221; video_color_mask=&#8221;#494949&#8243; adaptive_height=&#8221;true&#8221; min_height=&#8221;200&#8243; js_vertical_centered=&#8221;true&#8221; padding_top=&#8221;0&#8243; padding_bottom=&#8221;0&#8243; sidebar=&#8221;sidebar-1&#8243;][vc_column][mk_fancy_title color=&#8221;#dddddd&#8221; size=&#8221;50&#8243; force_font_size=&#8221;true&#8221; size_tablet=&#8221;40&#8243; font_weight=&#8221;300&#8243; txt_transform=&#8221;capitalize&#8221; margin_bottom=&#8221;0&#8243; font_family=&#8221;none&#8221; align=&#8221;center&#8221;]Encuentros de Amistad[\/mk_fancy_title][\/vc_column][\/mk_page_section][mk_page_section bg_color=&#8221;#f0f0f0&#8243; bg_repeat=&#8221;no-repeat&#8221; bg_stretch=&#8221;true&#8221; full_height=&#8221;true&#8221; padding_top=&#8221;50&#8243; padding_bottom=&#8221;80&#8243; sidebar=&#8221;sidebar-1&#8243;][vc_column][mk_fancy_title tag_name=&#8221;h4&#8243; color=&#8221;#636363&#8243; size=&#8221;16&#8243; font_weight=&#8221;300&#8243; font_family=&#8221;none&#8221;]<strong>Los Encuentros de Amistad son<\/strong>: grupos de personas (entre cuatro y quince) que se re\u00fanen todas las semanas, \u00a0con el prop\u00f3sito de la edificaci\u00f3n espiritual y evangelismo, con la meta de multiplicaci\u00f3n, y que se comprometen a participar en las funciones de<br \/>\nla Iglesia local.<br \/>\n<strong>Los Principios del Encuentro:<\/strong><br \/>\nConfidencia:<br \/>\ntodo lo que se habla en el encuentro queda all\u00ed, nos comprometemos a no comentar fuera lo que se comparte en el<br \/>\nencuentro.<br \/>\nTransparencia: provocamos un ambiente de confianza, donde las personas pueden sentirse libres al compartir sobre sus vidas<br \/>\nHablamos solamente de nosotros, no de Terceros: no se habla temas de personas no presentes en el Encuentro.<br \/>\n<strong>Enfoques de los encuentros de Amistad:<\/strong><br \/>\nEnfoque ascendente: conocer a Dios, la b\u00fasqueda de la Palabra en conocer Sus caminos.<br \/>\nEnfoque interno: conocerse los unos a los otros, comuni\u00f3n, desarrollar relaciones, hacer visitas.<br \/>\nEnfoque externo: alcanzar a los que no conocen a Jes\u00fas. Hacer evangelismo, sociales. Oraci\u00f3n e intercesi\u00f3n por la gente.<br \/>\nEnfoque hacia adelante: enfoque hacia el futuro preparando a nuevos l\u00edderes.<\/p>\n<p><strong>Los encuentros de amistad est\u00e1n fundamentados en la estructura de los primeros disc\u00edpulos\u00a0\u00a0seg\u00fan\u00a0Hechos 2:42, 46, 47<\/strong><br \/>\nDoctrina de los ap\u00f3stoles: lo fresco, lo que el Esp\u00edritu Santo estaba hablando en ese momento a trav\u00e9s de nuestros dones. En<br \/>\nlos Encuentros compartimos sobre lo que estamos aprendiendo en las Celebraciones a trav\u00e9s de los Pastores.<br \/>\nComuni\u00f3n unos con otros: en el encuentro desarrollamos relaciones fuertes, tomamos el tiempo de conocernos. El Reino es un<br \/>\nreino de relaciones.<br \/>\nPartimiento del pan: comemos juntos, en actividades sociales\u00a0nos mostramos en un ambiente natural como somos.<br \/>\nOraciones: oramos unos por otro, por las necesidades que se comparten, intercedemos por personas, nuestra ciudad y pa\u00eds[\/mk_fancy_title][mk_padding_divider size=&#8221;60&#8243;][\/vc_column][\/mk_page_section]\n","protected":false},"excerpt":{"rendered":"<p>[mk_page_section bg_image=&#8221;http:\/\/cosechamundial.org\/wp-content\/uploads\/2018\/04\/creemos.jpg&#8221; bg_position=&#8221;center center&#8221; bg_repeat=&#8221;no-repeat&#8221; bg_stretch=&#8221;true&#8221; video_color_mask=&#8221;#494949&#8243; adaptive_height=&#8221;true&#8221; min_height=&#8221;200&#8243; js_vertical_centered=&#8221;true&#8221; padding_top=&#8221;0&#8243; padding_bottom=&#8221;0&#8243; sidebar=&#8221;sidebar-1&#8243;][vc_column][mk_fancy_title color=&#8221;#dddddd&#8221; size=&#8221;50&#8243; force_font_size=&#8221;true&#8221; size_tablet=&#8221;40&#8243; font_weight=&#8221;300&#8243; txt_transform=&#8221;capitalize&#8221; margin_bottom=&#8221;0&#8243; font_family=&#8221;none&#8221; align=&#8221;center&#8221;]Encuentros de Amistad[\/mk_fancy_title][\/vc_column][\/mk_page_section][mk_page_section bg_color=&#8221;#f0f0f0&#8243; bg_repeat=&#8221;no-repeat&#8221; bg_stretch=&#8221;true&#8221; full_height=&#8221;true&#8221; padding_top=&#8221;50&#8243; padding_bottom=&#8221;80&#8243; sidebar=&#8221;sidebar-1&#8243;][vc_column][mk_fancy_title tag_name=&#8221;h4&#8243; color=&#8221;#636363&#8243; size=&#8221;16&#8243; font_weight=&#8221;300&#8243; font_family=&#8221;none&#8221;]Los Encuentros de Amistad son: grupos de personas (entre cuatro y quince) que se re\u00fanen todas las semanas, \u00a0con el [&hellip;]<\/p>\n","protected":false},"author":1,"featured_media":0,"parent":0,"menu_order":0,"comment_status":"closed","ping_status":"closed","template":"","meta":{"_acf_changed":false,"footnotes":""},"class_list":["post-8264","page","type-page","status-publish","hentry"],"acf":[],"_links":{"self":[{"href":"https:\/\/cosechamundial.org\/cm\/wp-json\/wp\/v2\/pages\/8264","targetHints":{"allow":["GET"]}}],"collection":[{"href":"https:\/\/cosechamundial.org\/cm\/wp-json\/wp\/v2\/pages"}],"about":[{"href":"https:\/\/cosechamundial.org\/cm\/wp-json\/wp\/v2\/types\/page"}],"author":[{"embeddable":true,"href":"https:\/\/cosechamundial.org\/cm\/wp-json\/wp\/v2\/users\/1"}],"replies":[{"embeddable":true,"href":"https:\/\/cosechamundial.org\/cm\/wp-json\/wp\/v2\/comments?post=8264"}],"version-history":[{"count":6,"href":"https:\/\/cosechamundial.org\/cm\/wp-json\/wp\/v2\/pages\/8264\/revisions"}],"predecessor-version":[{"id":9027,"href":"https:\/\/cosechamundial.org\/cm\/wp-json\/wp\/v2\/pages\/8264\/revisions\/9027"}],"wp:attachment":[{"href":"https:\/\/cosechamundial.org\/cm\/wp-json\/wp\/v2\/media?parent=8264"}],"curies":[{"name":"wp","href":"https:\/\/api.w.org\/{rel}","templated":true}]}}