{"id":8278,"date":"2018-04-23T18:23:05","date_gmt":"2018-04-23T18:23:05","guid":{"rendered":"http:\/\/cosechamundial.org\/?page_id=8278"},"modified":"2018-04-23T19:25:07","modified_gmt":"2018-04-23T19:25:07","slug":"historia","status":"publish","type":"page","link":"https:\/\/cosechamundial.org\/cm\/historia\/","title":{"rendered":"Historia"},"content":{"rendered":"<div class=\"wpb-content-wrapper\">[mk_page_section bg_image=&#8221;http:\/\/cosechamundial.org\/wp-content\/uploads\/2018\/04\/historia.jpg&#8221; bg_position=&#8221;center center&#8221; bg_repeat=&#8221;no-repeat&#8221; bg_stretch=&#8221;true&#8221; video_color_mask=&#8221;#494949&#8243; adaptive_height=&#8221;true&#8221; min_height=&#8221;200&#8243; js_vertical_centered=&#8221;true&#8221; padding_top=&#8221;0&#8243; padding_bottom=&#8221;0&#8243; sidebar=&#8221;sidebar-1&#8243;][vc_column][mk_fancy_title tag_name=&#8221;h1&#8243; color=&#8221;#ffffff&#8221; size=&#8221;45&#8243; force_font_size=&#8221;true&#8221; size_tablet=&#8221;35&#8243; size_phone=&#8221;25&#8243; font_weight=&#8221;300&#8243; txt_transform=&#8221;capitalize&#8221; margin_bottom=&#8221;0&#8243; font_family=&#8221;none&#8221; align=&#8221;center&#8221;]La historia[\/mk_fancy_title][\/vc_column][\/mk_page_section][mk_page_section bg_color=&#8221;#f0f0f0&#8243; bg_repeat=&#8221;no-repeat&#8221; bg_stretch=&#8221;true&#8221; full_height=&#8221;true&#8221; padding_top=&#8221;100&#8243; padding_bottom=&#8221;80&#8243; sidebar=&#8221;sidebar-1&#8243;][vc_column][mk_fancy_title color=&#8221;#323232&#8243; size=&#8221;50&#8243; force_font_size=&#8221;true&#8221; size_tablet=&#8221;40&#8243; font_weight=&#8221;300&#8243; txt_transform=&#8221;capitalize&#8221; margin_bottom=&#8221;0&#8243; font_family=&#8221;none&#8221; align=&#8221;center&#8221;]D\u00f3nde, C\u00f3mo y Cu\u00e1ndo\u2026[\/mk_fancy_title][vc_row_inner][vc_column_inner width=&#8221;1\/6&#8243;][\/vc_column_inner][vc_column_inner width=&#8221;2\/3&#8243;][vc_column_text css=&#8221;.vc_custom_1524508183254{margin-bottom: 0px !important;}&#8221;]El Ministerio Internacional Cosecha Mundial comenz\u00f3 en los planes perfectos del coraz\u00f3n de Dios y fue puesto en corazones fuertes que deseaban vivir sus prop\u00f3sitos; estos son los de nuestros Ap\u00f3stoles Mart\u00edn y Kimberly Angulo.[\/vc_column_text][\/vc_column_inner][vc_column_inner width=&#8221;1\/6&#8243;][\/vc_column_inner][\/vc_row_inner][mk_padding_divider][vc_row_inner is_fullwidth_content=&#8221;false&#8221;][vc_column_inner width=&#8221;1\/2&#8243;][mk_image src=&#8221;http:\/\/cosechamundial.org\/wp-content\/uploads\/2018\/04\/apostolm.jpg&#8221; image_size=&#8221;full&#8221; frame_style=&#8221;shadow_only&#8221; align=&#8221;center&#8221; margin_bottom=&#8221;0&#8243;][mk_padding_divider size=&#8221;20&#8243; visibility=&#8221;visible-sm&#8221;][\/vc_column_inner][vc_column_inner width=&#8221;1\/2&#8243;][mk_fancy_title tag_name=&#8221;h4&#8243; color=&#8221;#0f9bdc&#8221; size=&#8221;18&#8243; font_weight=&#8221;bold&#8221; font_family=&#8221;none&#8221;]Ap\u00f3stol Mart\u00edn Angulo[\/mk_fancy_title][vc_column_text css=&#8221;.vc_custom_1524508225888{margin-bottom: 0px !important;}&#8221;]El Ap\u00f3stol Mart\u00edn Angulo naci\u00f3 en Costa Rica el 12 de Marzo del 1957, en una familia de 8 hermanos. Siendo el primero de su familia en conocer y entregar su vida al Se\u00f1or a sus 18 a\u00f1os, vivi\u00f3 una transformaci\u00f3n radical en distintas \u00e1reas de su vida junto a experiencias sobrenaturales con Dios. Hoy, varios de sus hermanos se encuentran en su pa\u00eds natal, sirviendo en la visi\u00f3n de Cosecha Mundial.<br \/>\nA sus 19 a\u00f1os comenz\u00f3 a predicar a personas de todas las edades en su iglesia, donde en una de estas oportunidades conoce a quien ser\u00eda su esposa, nuestro Ap\u00f3stol Kimberly.[\/vc_column_text][\/vc_column_inner][\/vc_row_inner][mk_padding_divider size=&#8221;60&#8243;][vc_row_inner is_fullwidth_content=&#8221;false&#8221;][vc_column_inner width=&#8221;1\/2&#8243;][mk_fancy_title tag_name=&#8221;h4&#8243; color=&#8221;#0f9bdc&#8221; size=&#8221;18&#8243; font_weight=&#8221;bold&#8221; font_family=&#8221;none&#8221;]Ap\u00f3stol Kimberly Angulo[\/mk_fancy_title][vc_column_text css=&#8221;.vc_custom_1524508243024{margin-bottom: 0px !important;}&#8221;]El Ap\u00f3stol Kimberly Hunt &#8211; Angulo, naci\u00f3 el 7 de Agosto de 1960 en Barron, Wisconsin, Estados Unidos, en una familia cristiana conformada por sus padres y 5 hermanos.<br \/>\nDesde peque\u00f1a apasionada por los negocios del Padre, y con la gran convicci\u00f3n de responder a su llamado.<br \/>\nRecibe la oportunidad de emprender un viaje misionero hacia M\u00e9xico, el cual se ve modificado a ser en el pa\u00eds de Costa Rica. Por lo que a la edad de 17 a\u00f1os, emprende su primer viaje misionero hacia Costa Rica.[\/vc_column_text][\/vc_column_inner][vc_column_inner width=&#8221;1\/2&#8243;][mk_image src=&#8221;http:\/\/cosechamundial.org\/wp-content\/uploads\/2018\/04\/apostolk.jpg&#8221; image_size=&#8221;large&#8221; align=&#8221;center&#8221; margin_bottom=&#8221;0&#8243;][mk_padding_divider size=&#8221;20&#8243; visibility=&#8221;visible-sm&#8221;][\/vc_column_inner][\/vc_row_inner][vc_row_inner][vc_column_inner][mk_padding_divider size=&#8221;46&#8243;][\/vc_column_inner][\/vc_row_inner][vc_row_inner][vc_column_inner][vc_column_text css=&#8221;.vc_custom_1524509624450{margin-bottom: 0px !important;}&#8221;]<a href=\"http:\/\/cosechamundial.org\/wp-content\/uploads\/2018\/04\/apostoles-amgulo3-480x48512.jpg\"><img fetchpriority=\"high\" decoding=\"async\" class=\"alignleft wp-image-8269 size-medium\" src=\"http:\/\/cosechamundial.org\/wp-content\/uploads\/2018\/04\/apostoles-amgulo3-480x48512-297x300.jpg\" alt=\"\" width=\"297\" height=\"300\" srcset=\"https:\/\/cosechamundial.org\/cm\/wp-content\/uploads\/2018\/04\/apostoles-amgulo3-480x48512-297x300.jpg 297w, https:\/\/cosechamundial.org\/cm\/wp-content\/uploads\/2018\/04\/apostoles-amgulo3-480x48512.jpg 480w\" sizes=\"(max-width: 297px) 100vw, 297px\" \/><\/a>Fue en el primer momento en el a\u00f1o 1979, que ambos se encontraron y tuvieron la completa convicci\u00f3n del Esp\u00edritu Santo, que Dios ten\u00eda un prop\u00f3sito para ellos como matrimonio.<br \/>\nLuego de cuatro meses, en ese mismo a\u00f1o, en el mes de Noviembre, deciden ser uno caminando bajo un pacto de bendici\u00f3n, y contraen matrimonio en San Jos\u00e9, Costa Rica.<\/p>\n<p>Al tiempo, en el pa\u00eds de Costa Rica, nace su hija mayor Raquel, y\u00a0 tiempo despu\u00e9s deciden mudarse a los Estados Unidos, donde <em>nacen<\/em> sus tres hijos Joseph, Rebekah y Rosita.<\/p>\n<div id=\"attachment_8292\" style=\"width: 356px\" class=\"wp-caption alignright\"><img decoding=\"async\" aria-describedby=\"caption-attachment-8292\" class=\"wp-image-8292\" src=\"http:\/\/cosechamundial.org\/wp-content\/uploads\/2018\/04\/familia-angulo.jpg\" alt=\"Familia Angulo Hoy\" width=\"346\" height=\"218\" srcset=\"https:\/\/cosechamundial.org\/cm\/wp-content\/uploads\/2018\/04\/familia-angulo.jpg 400w, https:\/\/cosechamundial.org\/cm\/wp-content\/uploads\/2018\/04\/familia-angulo-300x189.jpg 300w\" sizes=\"(max-width: 346px) 100vw, 346px\" \/><p id=\"caption-attachment-8292\" class=\"wp-caption-text\">Familia Angulo Hoy<\/p><\/div>\n<p>Como familia serv\u00edan a Dios y a sus pastores de los Estados Unidos, hasta que entendieron el tiempo y el llamado de Dios de mudarse a la Argentina para establecer el Reino de Dios.<\/p>\n<p>El 26 de Octubre de 1987 fue su primera pisada en tierraArgentina. Un \u201cS\u00ed\u201d a Dios, que los ha llevado a m\u00e1s y ha sido de tremenda bendici\u00f3n para cada familia que los ha conocido, o\u00eddo y que ha recibido de ellos, hasta el d\u00eda de hoy.[\/vc_column_text][\/vc_column_inner][\/vc_row_inner][\/vc_column][\/mk_page_section][mk_page_section][vc_column width=&#8221;1\/4&#8243;][\/vc_column][vc_column width=&#8221;1\/2&#8243;][mk_fancy_title color=&#8221;#323232&#8243; size=&#8221;50&#8243; force_font_size=&#8221;true&#8221; size_tablet=&#8221;40&#8243; font_weight=&#8221;300&#8243; txt_transform=&#8221;capitalize&#8221; margin_bottom=&#8221;0&#8243; font_family=&#8221;none&#8221; align=&#8221;center&#8221;]Comienzos\u2026[\/mk_fancy_title][vc_column_text css=&#8221;.vc_custom_1524510350956{margin-bottom: 0px !important;}&#8221;]\u201cDonde no hay visi\u00f3n, el pueblo se desenfrena\u2026\u201d Proverbios 29:18[\/vc_column_text][\/vc_column][vc_column width=&#8221;1\/4&#8243;][\/vc_column][\/mk_page_section][mk_page_section min_height=&#8221;50&#8243; sidebar=&#8221;sidebar-1&#8243;][vc_column][vc_column_text css=&#8221;.vc_custom_1524510464007{margin-bottom: 0px !important;}&#8221;]<a href=\"http:\/\/cosechamundial.org\/wp-content\/uploads\/2018\/04\/map.jpg\"><img decoding=\"async\" class=\"size-full wp-image-8296 alignright\" src=\"http:\/\/cosechamundial.org\/wp-content\/uploads\/2018\/04\/map.jpg\" alt=\"\" width=\"400\" height=\"252\" srcset=\"https:\/\/cosechamundial.org\/cm\/wp-content\/uploads\/2018\/04\/map.jpg 400w, https:\/\/cosechamundial.org\/cm\/wp-content\/uploads\/2018\/04\/map-300x189.jpg 300w\" sizes=\"(max-width: 400px) 100vw, 400px\" \/><\/a><\/p>\n<p>Llegando y radic\u00e1ndose en la ciudad de Olavarr\u00eda, Buenos Aires, Argentina, comienzan su ministerio. En un primer momento, reconocida en la ciudad como Iglesia J\u00fabilo Cristiano, la iglesia incrementaba asistentes semana a semana, congreg\u00e1ndose en un peque\u00f1o edificio para 60 personas.<br \/>\nPoco tiempo despu\u00e9s, Dios revela la visi\u00f3n y el nombre de Un Ministerio a nuestro Ap\u00f3stol Mart\u00edn: Cosecha Mundial, la cual, con fundamentos b\u00edblicos en su visi\u00f3n, introduc\u00eda a cada persona a vivir cada d\u00eda los planes y mandatos que Dios nos confi\u00f3 predicando a cada persona, pastoreando a los creyentes, preparando disc\u00edpulos y plantando l\u00edderes.<br \/>\nLa visi\u00f3n llev\u00f3 a cada persona a captar el coraz\u00f3n de Dios y lo importante que eran ellos para cumplirla. Daba direcci\u00f3n a las personas, enfoque y disfrute de lo que Dios hac\u00eda d\u00eda a d\u00eda a trav\u00e9s de cada una de ellas y de la visi\u00f3n. Gente transformada, sana, libre, fuerte, con una identidad en Dios; familias enteras salvas y restauradas, milagros, libertad espiritual y emocional, incrementos en su econom\u00eda, crecimiento espiritual, revelaci\u00f3n de prop\u00f3sito\u2026 fueron algunos de los testimonios de las personas que comenzaron a vivir la visi\u00f3n.<br \/>\nCon un grupo de 60 personas en los encuentros de amistad, creyeron a Dios por un nuevo edificio para 800 personas.<br \/>\nhasta el d\u00eda de hoy.<\/p>\n<p><strong>Testimonio\u2026 El edificio HOY. \u201cSi me lo pides, te lo dar\u00e9\u201d.<\/strong><br \/>\nLas personas que conformaban en ese momento la iglesia, vieron el creer por un edificio de esa magnitud como un desaf\u00edo maravilloso, y c\u00f3mo el esp\u00edritu de fe era uno con ellos, dijeron S\u00cd, junto a los pastores en ese momento Mart\u00edn y Kimberly. Sab\u00edan que tener el S\u00cd de Dios, hac\u00eda que nada fuera imposible. Aunque se levantar\u00edan cosas, su ferviente deseo de querer ir a m\u00e1s lo superaba al creer por ese nuevo edificio. La iglesia ve\u00eda que era tan \u00fanico lo que se viv\u00eda ah\u00ed, que el anhelo de darlo a luz y creer por un edificio lleno con 800 personas, era una visi\u00f3n tan poderosa que encend\u00eda en ellos su pasi\u00f3n y el deseo de servir con sus propias manos y esfuerzos; disfrutaron cada momento de tocar y construir algo que ya era propio.<br \/>\nLas situaciones se presentaban, siendo como una oportunidad de resignarse sujetarse a lo que Dios hab\u00eda hablado; pero un d\u00eda, sentado en lo que hoy es su oficina, meditando nuestro Ap\u00f3stol Mart\u00edn escuch\u00f3 a Dios decirle en simples, pero poderosas palabras: \u201cSi me lo pides, te lo dar\u00e9\u201d.<br \/>\nAs\u00ed, la iglesia continuaba feliz invirtiendo su labor, tiempo y dinero en algo que ya hab\u00edan podido ver en sus corazones. No hab\u00eda \u201cimposibles\u201d para ellos.<\/p>\n<p><strong>Hoy en d\u00eda<\/strong>, disfrutamos de nuestro edificio propio donde la iglesia se congrega viernes y s\u00e1bados para celebrar juntos la vida en Cristo, y donde cada semana se dictan Escuelas de Discipulado, de Ministros Potenciales, capacitaciones, y a\u00fan actividades educativas, protocolares y recreativas.<br \/>\nActualmente la iglesia cuenta con m\u00e1s de 200 encuentros con 200 ministros firmes y fuertes, determinados a cada d\u00eda conocer y explotar m\u00e1s la visi\u00f3n que ya ha sido engendrada en su coraz\u00f3n. Es por ello que los encuentros cuentan con m\u00ednimo dos ministros potenciales que han sido contagiados por esta pasi\u00f3n y la poderosa unci\u00f3n de nuestra hermosa Visi\u00f3n. A\u00f1o tras a\u00f1o, multiplicaciones de encuentros se siguen celebrando, y detr\u00e1s de ello, la gratificante transformaci\u00f3n de cada persona.[\/vc_column_text][mk_padding_divider size=&#8221;30&#8243;][vc_column_text css=&#8221;.vc_custom_1524510104791{margin-bottom: 0px !important;}&#8221;]<strong>\u2026Y PLANTAR L\u00cdDERES EN CADA NACI\u00d3N DEL MUNDO\u2026<\/strong><br \/>\nA trav\u00e9s de los a\u00f1os, junto a nuestros Ap\u00f3stoles y el liderazgo pastoral, personas fueron creciendo e incrementando en amor por Dios, por la gente, por la visi\u00f3n; dispusieron, y a\u00fan siguen disponiendo, de su vida para captar el coraz\u00f3n de la visi\u00f3n, una idea que sali\u00f3 del mismo coraz\u00f3n de Dios. A trav\u00e9s de capacitaciones, ense\u00f1anzas, de decisiones personales l\u00edderes respondieron al llamado de Dios para ser plantadores (personas dispuestas a ir al lugar que Dios env\u00ede para plantar la visi\u00f3n). Hoy en d\u00eda, muchos de ellos son pastores que han sido enviados a ciudades dentro de la provincia de Buenos Aires; a provincias dentro de Argentina; a pa\u00edses en todo el mundo.<br \/>\nA\u00f1o tras a\u00f1o, A trav\u00e9s de contactos de l\u00edderes de Cosecha Mundial\/contactos divinos, la visi\u00f3n se sigue expandiendo en el coraz\u00f3n de las personas y en las naciones.<br \/>\n<strong>Hoy, la visi\u00f3n se encuentra en los pa\u00edses de:<\/strong><br \/>\nArgentina, Chile, Paraguay, Bolivia, Ecuador, Colombia, Costa Rica, Honduras, El Salvador, Nicaragua, Venezuela, Espa\u00f1a, Italia y Reino Unido<\/p>\n[\/vc_column_text][\/vc_column][\/mk_page_section][mk_page_section][vc_column width=&#8221;1\/3&#8243;][\/vc_column][vc_column width=&#8221;1\/3&#8243;][vc_btn title=&#8221;Donde Est\u00e1 Hoy&#8221; color=&#8221;info&#8221; link=&#8221;url:http%3A%2F%2Fcosechamundial.org%2Fplantaciones%2F|||&#8221;][\/vc_column][vc_column width=&#8221;1\/3&#8243;][\/vc_column][\/mk_page_section]\n<\/div>","protected":false},"excerpt":{"rendered":"<p>[mk_page_section bg_image=&#8221;http:\/\/cosechamundial.org\/wp-content\/uploads\/2018\/04\/historia.jpg&#8221; bg_position=&#8221;center center&#8221; bg_repeat=&#8221;no-repeat&#8221; bg_stretch=&#8221;true&#8221; video_color_mask=&#8221;#494949&#8243; adaptive_height=&#8221;true&#8221; min_height=&#8221;200&#8243; js_vertical_centered=&#8221;true&#8221; padding_top=&#8221;0&#8243; padding_bottom=&#8221;0&#8243; sidebar=&#8221;sidebar-1&#8243;][vc_column][mk_fancy_title tag_name=&#8221;h1&#8243; color=&#8221;#ffffff&#8221; size=&#8221;45&#8243; force_font_size=&#8221;true&#8221; size_tablet=&#8221;35&#8243; size_phone=&#8221;25&#8243; font_weight=&#8221;300&#8243; txt_transform=&#8221;capitalize&#8221; margin_bottom=&#8221;0&#8243; font_family=&#8221;none&#8221; align=&#8221;center&#8221;]La historia[\/mk_fancy_title][\/vc_column][\/mk_page_section][mk_page_section bg_color=&#8221;#f0f0f0&#8243; bg_repeat=&#8221;no-repeat&#8221; bg_stretch=&#8221;true&#8221; full_height=&#8221;true&#8221; padding_top=&#8221;100&#8243; padding_bottom=&#8221;80&#8243; sidebar=&#8221;sidebar-1&#8243;][vc_column][mk_fancy_title color=&#8221;#323232&#8243; size=&#8221;50&#8243; force_font_size=&#8221;true&#8221; size_tablet=&#8221;40&#8243; font_weight=&#8221;300&#8243; txt_transform=&#8221;capitalize&#8221; margin_bottom=&#8221;0&#8243; font_family=&#8221;none&#8221; align=&#8221;center&#8221;]D\u00f3nde, C\u00f3mo y Cu\u00e1ndo\u2026[\/mk_fancy_title][vc_row_inner][vc_column_inner width=&#8221;1\/6&#8243;][\/vc_column_inner][vc_column_inner width=&#8221;2\/3&#8243;][vc_column_text css=&#8221;.vc_custom_1524508183254{margin-bottom: 0px !important;}&#8221;]El Ministerio Internacional Cosecha Mundial comenz\u00f3 en [&hellip;]<\/p>\n","protected":false},"author":1,"featured_media":0,"parent":0,"menu_order":0,"comment_status":"closed","ping_status":"closed","template":"","meta":{"_acf_changed":false,"footnotes":""},"class_list":["post-8278","page","type-page","status-publish","hentry"],"acf":[],"_links":{"self":[{"href":"https:\/\/cosechamundial.org\/cm\/wp-json\/wp\/v2\/pages\/8278","targetHints":{"allow":["GET"]}}],"collection":[{"href":"https:\/\/cosechamundial.org\/cm\/wp-json\/wp\/v2\/pages"}],"about":[{"href":"https:\/\/cosechamundial.org\/cm\/wp-json\/wp\/v2\/types\/page"}],"author":[{"embeddable":true,"href":"https:\/\/cosechamundial.org\/cm\/wp-json\/wp\/v2\/users\/1"}],"replies":[{"embeddable":true,"href":"https:\/\/cosechamundial.org\/cm\/wp-json\/wp\/v2\/comments?post=8278"}],"version-history":[{"count":28,"href":"https:\/\/cosechamundial.org\/cm\/wp-json\/wp\/v2\/pages\/8278\/revisions"}],"predecessor-version":[{"id":8313,"href":"https:\/\/cosechamundial.org\/cm\/wp-json\/wp\/v2\/pages\/8278\/revisions\/8313"}],"wp:attachment":[{"href":"https:\/\/cosechamundial.org\/cm\/wp-json\/wp\/v2\/media?parent=8278"}],"curies":[{"name":"wp","href":"https:\/\/api.w.org\/{rel}","templated":true}]}}