{"id":8960,"date":"2019-11-25T19:54:30","date_gmt":"2019-11-25T19:54:30","guid":{"rendered":"https:\/\/cosechamundial.org\/?page_id=8960"},"modified":"2019-11-26T22:14:22","modified_gmt":"2019-11-26T22:14:22","slug":"lema2020","status":"publish","type":"page","link":"https:\/\/cosechamundial.org\/cm\/lema2020\/","title":{"rendered":"Lema 2020, Viviendo establecidos y pr\u00f3speros"},"content":{"rendered":"<div class=\"wpb-content-wrapper\">[mk_page_section bg_image=&#8221;https:\/\/cosechamundial.org\/wp-content\/uploads\/2019\/11\/2221.jpg&#8221; bg_position=&#8221;center center&#8221; bg_repeat=&#8221;no-repeat&#8221; bg_stretch=&#8221;true&#8221; video_color_mask=&#8221;#494949&#8243; adaptive_height=&#8221;true&#8221; min_height=&#8221;200&#8243; js_vertical_centered=&#8221;true&#8221; padding_top=&#8221;0&#8243; padding_bottom=&#8221;0&#8243; sidebar=&#8221;sidebar-1&#8243;][vc_column][vc_single_image image=&#8221;8961&#8243; img_size=&#8221;full&#8221; alignment=&#8221;center&#8221; css_animation=&#8221;none&#8221;][\/vc_column][\/mk_page_section][vc_row][vc_column][mk_padding_divider size=&#8221;50&#8243;][\/vc_column][\/vc_row][vc_row][vc_column width=&#8221;1\/6&#8243;][\/vc_column][vc_column width=&#8221;2\/3&#8243;][vc_video link=&#8221;https:\/\/youtu.be\/jgDX7Pke3wQ&#8221;][\/vc_column][vc_column width=&#8221;1\/6&#8243;][\/vc_column][\/vc_row][vc_row][vc_column][mk_padding_divider size=&#8221;50&#8243;][\/vc_column][\/vc_row][vc_row][vc_column width=&#8221;1\/6&#8243;][\/vc_column][vc_column width=&#8221;2\/3&#8243;][vc_column_text css=&#8221;.vc_custom_1574801028452{margin-bottom: 0px !important;}&#8221;]\n<h2>\u201cCree al Se\u00f1or tu Dios y ser\u00e1s establecido; cree y permanece firme a sus profetas y prosperar\u00e1s.\u201d<\/h2>\n<p>2 Cr\u00f3nicas 20:20 tomado de AMPC<\/p>\n<h3><em>2020 <\/em><\/h3>\n<p>Conocer los tiempos y saber qu\u00e9 se debe hacer es una gracia que Dios Padre ha facilitado a cada uno de sus hijos. Conocer los tiempos es aprender a discernir las muchas maneras en las que el Padre nos habla y nos ayuda a captar lo que \u00c9l est\u00e1 comunicando. Un hijo maduro entiende que su \u201co\u00edr\u201d es obedecer y esto le colocar\u00e1 en la condici\u00f3n y posici\u00f3n necesaria para vivir lo pre establecido por el Padre. \u00a1Genera expectativa para este a\u00f1o! Expectativa respecto a tu relaci\u00f3n con el Padre, porque est\u00e1s destinado a subir y vivir en dimensiones mayores, legislando como hijo de Dios en su mundo a favor de otros.<\/p>\n<p><em>Cree al Se\u00f1or tu Dios , c<\/em><em>ree y permanece firme a sus profetas.<\/em><\/p>\n<h3><em>Visi\u00f3n 20\/20 <\/em><\/h3>\n<p>Ten expectativa de que tu visi\u00f3n espiritual se va a agudizar. Tendr\u00e1s la capacidad de ver claramente y ver m\u00e1s largo.<\/p>\n<h3><em>Hechos 20:20 <\/em><\/h3>\n<p>Este ser\u00e1 un a\u00f1o en el que vemos incremento de fruto y avance en la visi\u00f3n. El compromiso a las celebraciones se va a incrementar. Podemos esperar personas por primera vez que entran desde la calle,\u00a0 sin ning\u00fan contacto anterior. Los Encuentros de Amistad van a ser un punto de atracci\u00f3n y el deseo de dejarse pastorear y madurar se va a incrementar. La percepci\u00f3n de \u201cnecesidad\u201d de estar bien concertado y unido entre s\u00ed como miembro del Cuerpo, llevar\u00e1 a la Iglesia a un mayor nivel de madurez e influencia en la sociedad.<\/p>\n<p>En 2020 estamos culminando un per\u00edodo de 3 a\u00f1os que el Ap\u00f3stol Mart\u00edn Angulo profetiz\u00f3 en 2017. Una palabra id\u00e9ntica que le fue dada al Ap\u00f3stol James Maloney.<\/p>\n<p>En 2020 estamos entrando en un segmento de 10 a\u00f1os; algo que el Padre revel\u00f3 el viernes 11 de Octubre de 2019. Un per\u00edodo en el que el Padre est\u00e1 acelerando una obra en su Iglesia para colocarla en condici\u00f3n y posici\u00f3n de ese tiempo. Es un tiempo de manifestar con demostraci\u00f3n del Esp\u00edritu y poder la realidad de nuestro Se\u00f1or y su reino, trayendo soluci\u00f3n y respuestas a nuestro mundo. La Iglesia se levantar\u00e1 a resplandecer de una manera sin precedentes. A medida que determines vivir en tu identidad de un hijo maduro, te estar\u00e1s alineando a la obra que el Padre est\u00e1 realizando. En el mundo ser\u00e1 un tiempo de turbulencia, pero los hijos de Dios tendr\u00e1n la sabidur\u00eda para navegar en esas aguas turbulentas.<\/p>\n<p><strong>Ap\u00f3stoles\u00a0 Martin &amp; Kimberly Angulo<\/strong>[\/vc_column_text][\/vc_column][vc_column width=&#8221;1\/6&#8243;][\/vc_column][\/vc_row][vc_row][vc_column][mk_padding_divider size=&#8221;100&#8243;][\/vc_column][\/vc_row][vc_row][vc_column width=&#8221;1\/6&#8243;][\/vc_column][vc_column width=&#8221;2\/3&#8243;][mk_title_box font_weight=&#8221;bold&#8221; letter_spacing=&#8221;3&#8243; font_family=&#8221;none&#8221;]\n<h5 style=\"text-align: center;\">Descargue el lema\u00a0 2020<\/h5>\n[\/mk_title_box][\/vc_column][vc_column width=&#8221;1\/6&#8243;][\/vc_column][\/vc_row][vc_row][vc_column width=&#8221;1\/4&#8243;][\/vc_column][vc_column width=&#8221;1\/4&#8243;][mk_padding_divider][vc_btn title=&#8221;Lema 2020&#8243; shape=&#8221;square&#8221; color=&#8221;orange&#8221; align=&#8221;center&#8221; button_block=&#8221;true&#8221; link=&#8221;url:https%3A%2F%2Fcosechamundial.org%2Fwp-content%2Fuploads%2F2019%2F11%2Flogo-2020-espaol.pdf||target:%20_blank|&#8221;][vc_btn title=&#8221;Theme 20120&#8243; shape=&#8221;square&#8221; color=&#8221;orange&#8221; align=&#8221;center&#8221; button_block=&#8221;true&#8221; link=&#8221;url:https%3A%2F%2Fcosechamundial.org%2Fwp-content%2Fuploads%2F2019%2F11%2Flogo-2020-english.pdf||target:%20_blank|&#8221;][vc_btn title=&#8221;Motto 2019&#8243; shape=&#8221;square&#8221; color=&#8221;orange&#8221; align=&#8221;center&#8221; button_block=&#8221;true&#8221; link=&#8221;url:https%3A%2F%2Fcosechamundial.org%2Fwp-content%2Fuploads%2F2019%2F11%2Flogo-2020-iataliano.pdf||target:%20_blank|&#8221;][\/vc_column][vc_column width=&#8221;1\/4&#8243;][mk_padding_divider][vc_btn title=&#8221;Para dise\u00f1ador&#8221; shape=&#8221;square&#8221; color=&#8221;info&#8221; align=&#8221;center&#8221; button_block=&#8221;true&#8221; link=&#8221;url:https%3A%2F%2Fwww.dropbox.com%2Fsh%2Fclgvg68rdvsw49j%2FAADOkoRvkCiWtSNgTn-hU5L2a%3Fdl%3D0||target:%20_blank|&#8221;][vc_btn title=&#8221;For designer&#8221; shape=&#8221;square&#8221; color=&#8221;info&#8221; align=&#8221;center&#8221; button_block=&#8221;true&#8221; link=&#8221;url:https%3A%2F%2Fwww.dropbox.com%2Fsh%2Fclgvg68rdvsw49j%2FAADOkoRvkCiWtSNgTn-hU5L2a%3Fdl%3D0||target:%20_blank|&#8221;][vc_btn title=&#8221;Per designer&#8221; shape=&#8221;square&#8221; color=&#8221;info&#8221; align=&#8221;center&#8221; button_block=&#8221;true&#8221; link=&#8221;url:https%3A%2F%2Fwww.dropbox.com%2Fsh%2Fclgvg68rdvsw49j%2FAADOkoRvkCiWtSNgTn-hU5L2a%3Fdl%3D0||target:%20_blank|&#8221;][\/vc_column][vc_column width=&#8221;1\/4&#8243;][\/vc_column][\/vc_row][vc_row][vc_column][mk_padding_divider size=&#8221;100&#8243;][\/vc_column][\/vc_row]\n<\/div>","protected":false},"excerpt":{"rendered":"<p>[mk_page_section bg_image=&#8221;https:\/\/cosechamundial.org\/wp-content\/uploads\/2019\/11\/2221.jpg&#8221; bg_position=&#8221;center center&#8221; bg_repeat=&#8221;no-repeat&#8221; bg_stretch=&#8221;true&#8221; video_color_mask=&#8221;#494949&#8243; adaptive_height=&#8221;true&#8221; min_height=&#8221;200&#8243; js_vertical_centered=&#8221;true&#8221; padding_top=&#8221;0&#8243; padding_bottom=&#8221;0&#8243; sidebar=&#8221;sidebar-1&#8243;][vc_column][vc_single_image image=&#8221;8961&#8243; img_size=&#8221;full&#8221; alignment=&#8221;center&#8221; css_animation=&#8221;none&#8221;][\/vc_column][\/mk_page_section][vc_row][vc_column][mk_padding_divider size=&#8221;50&#8243;][\/vc_column][\/vc_row][vc_row][vc_column width=&#8221;1\/6&#8243;][\/vc_column][vc_column width=&#8221;2\/3&#8243;][vc_video link=&#8221;https:\/\/youtu.be\/jgDX7Pke3wQ&#8221;][\/vc_column][vc_column width=&#8221;1\/6&#8243;][\/vc_column][\/vc_row][vc_row][vc_column][mk_padding_divider size=&#8221;50&#8243;][\/vc_column][\/vc_row][vc_row][vc_column width=&#8221;1\/6&#8243;][\/vc_column][vc_column width=&#8221;2\/3&#8243;][vc_column_text css=&#8221;.vc_custom_1574801028452{margin-bottom: 0px !important;}&#8221;] \u201cCree al Se\u00f1or tu Dios y ser\u00e1s establecido; cree y permanece firme a sus profetas y prosperar\u00e1s.\u201d 2 Cr\u00f3nicas 20:20 tomado de AMPC 2020 Conocer los tiempos [&hellip;]<\/p>\n","protected":false},"author":1,"featured_media":0,"parent":0,"menu_order":0,"comment_status":"closed","ping_status":"closed","template":"","meta":{"_acf_changed":false,"footnotes":""},"class_list":["post-8960","page","type-page","status-publish","hentry"],"acf":[],"_links":{"self":[{"href":"https:\/\/cosechamundial.org\/cm\/wp-json\/wp\/v2\/pages\/8960","targetHints":{"allow":["GET"]}}],"collection":[{"href":"https:\/\/cosechamundial.org\/cm\/wp-json\/wp\/v2\/pages"}],"about":[{"href":"https:\/\/cosechamundial.org\/cm\/wp-json\/wp\/v2\/types\/page"}],"author":[{"embeddable":true,"href":"https:\/\/cosechamundial.org\/cm\/wp-json\/wp\/v2\/users\/1"}],"replies":[{"embeddable":true,"href":"https:\/\/cosechamundial.org\/cm\/wp-json\/wp\/v2\/comments?post=8960"}],"version-history":[{"count":17,"href":"https:\/\/cosechamundial.org\/cm\/wp-json\/wp\/v2\/pages\/8960\/revisions"}],"predecessor-version":[{"id":8983,"href":"https:\/\/cosechamundial.org\/cm\/wp-json\/wp\/v2\/pages\/8960\/revisions\/8983"}],"wp:attachment":[{"href":"https:\/\/cosechamundial.org\/cm\/wp-json\/wp\/v2\/media?parent=8960"}],"curies":[{"name":"wp","href":"https:\/\/api.w.org\/{rel}","templated":true}]}}