{"id":9120,"date":"2020-12-09T18:31:30","date_gmt":"2020-12-09T18:31:30","guid":{"rendered":"https:\/\/cosechamundial.org\/?page_id=9120"},"modified":"2020-12-14T19:03:43","modified_gmt":"2020-12-14T19:03:43","slug":"lema2021","status":"publish","type":"page","link":"https:\/\/cosechamundial.org\/cm\/lema2021\/","title":{"rendered":"Lema 2021"},"content":{"rendered":"<div class=\"wpb-content-wrapper\">[mk_page_section bg_image=&#8221;https:\/\/cosechamundial.org\/wp-content\/uploads\/2020\/12\/bg-scaled.jpg&#8221; bg_position=&#8221;center center&#8221; bg_repeat=&#8221;no-repeat&#8221; bg_stretch=&#8221;true&#8221; video_color_mask=&#8221;#494949&#8243; adaptive_height=&#8221;true&#8221; min_height=&#8221;200&#8243; js_vertical_centered=&#8221;true&#8221; padding_top=&#8221;0&#8243; padding_bottom=&#8221;0&#8243; sidebar=&#8221;sidebar-1&#8243;][vc_column][vc_single_image image=&#8221;9122&#8243; img_size=&#8221;full&#8221; alignment=&#8221;center&#8221; css_animation=&#8221;none&#8221;][\/vc_column][\/mk_page_section][vc_row][vc_column][mk_padding_divider size=&#8221;50&#8243;][\/vc_column][\/vc_row][vc_row][vc_column][mk_padding_divider size=&#8221;50&#8243;][\/vc_column][\/vc_row][vc_row][vc_column width=&#8221;1\/6&#8243;][\/vc_column][vc_column width=&#8221;2\/3&#8243;][vc_column_text css=&#8221;.vc_custom_1607711831633{margin-bottom: 0px !important;}&#8221;]\n<h2>\u201cPero [se acerca el tiempo en que] la tierra se llenar\u00e1 del conocimiento de<br \/>\nla gloria del Se\u00f1or como las aguas cubren el mar.\u201d<\/h2>\n<p>Habacuc 2:14, AMPC<\/p>\n<h2>\u201cSer\u00e1n as\u00ed capaces de entender, en uni\u00f3n con todos los creyentes, cu\u00e1n largo y ancho, cu\u00e1n alto y profundo\u00a0es el amor de Cristo; un amor que desborda toda ciencia humana y los colma de la plenitud misma de Dios.\u00a0A Dios que, desplegando su poder sobre nosotros, es capaz de realizar todas las cosas incomparablemente mejor de cuanto pensamos o pedimos,\u00a0a \u00e9l la gloria en Cristo y en la Iglesia, de edad en edad y por generaciones sin t\u00e9rmino. Am\u00e9n.\u201d<\/h2>\n<p>Efesios 3:18-21, BLPH<\/p>\n<p>En el a\u00f1o 2020 entramos en un per\u00edodo de aceleraci\u00f3n en la Iglesia para colocarla en la condici\u00f3n y posici\u00f3n para este tiempo. Una palabra prof\u00e9tica nos adelant\u00f3 un segmento de 10 a\u00f1os de tiempos turbulentos, pero la Iglesia tendr\u00e1 la sabidur\u00eda h\u00e1bil para navegarlos. \u201cViviendo establecido y pr\u00f3spero\u201d, fue el enfoque que el Padre nos dio para fortalecernos y prepararnos. Esto deber\u00eda continuar siendo prioridad en nuestras vidas: creer al Se\u00f1or nuestro Dios y ser establecidos en cada momento y circunstancia, y creer a sus profetas y ser prosperados. La Iglesia debe avanzar con mayor fuerza y autoridad en vez de retroceder o esconderse de los peligros. Hay un mundo con gran necesidad de respuestas y soluciones, y la Iglesia tiene a Aquel que es todo en todo: a Jesucristo.<\/p>\n<p>Jes\u00fas, como Cabeza de la Iglesia est\u00e1 llev\u00e1ndonos a mayor Plenitud, incrementando la manifestaci\u00f3n de Su gloria a trav\u00e9s de la Iglesia. Es un tiempo para llenar \u201cnuestro mundo\u201d con la demostraci\u00f3n de su naturaleza y hechos.<\/p>\n<p>Efesios 3:19 habla de conocer, de experimentar la dimensi\u00f3n del amor de Cristo personalmente en una magnitud que excede todo conocimiento, razonamiento humano y entendimiento intelectual, para que seamos llenos de la plenitud de Dios Padre. La Iglesia est\u00e1 dise\u00f1ada para ser la fiel representaci\u00f3n del Padre aqu\u00ed en la tierra y para esto, debemos ser llenos de Su Plenitud. Esto sucede cuando amamos con la misma madurez con la que el Padre ama. La Plenitud del Padre residiendo en nuestras vidas; la Plenitud de su bendici\u00f3n y gracia resplandeciendo en la Iglesia; la Plenitud de la estatura de Cristo en una Iglesia madura y la Plenitud de Su gloria afectando al mundo con la demostraci\u00f3n e influencia de su naturaleza y hechos: \u201cSu Gloria\u201d.<\/p>\n<p><strong>2021, Plenitud: Llenando la tierra con el conocimiento de Su gloria.<\/strong><\/p>\n<ul>\n<li>La plenitud del Padre.<\/li>\n<\/ul>\n<p>\u201cSer\u00e1n as\u00ed capaces de entender, en uni\u00f3n con todos los creyentes, cu\u00e1n largo y ancho, cu\u00e1n alto y profundo\u00a0es el amor de Cristo; un amor que desborda toda ciencia humana y los colma de la plenitud misma de Dios.\u00a0A Dios que, desplegando su poder sobre nosotros, es capaz de realizar todas las cosas incomparablemente mejor de cuanto pensamos o pedimos,\u00a0a \u00e9l la gloria en Cristo y en la Iglesia, de edad en edad y por generaciones sin t\u00e9rmino. Am\u00e9n.\u201d Efesios 3:18-21, BLPH<\/p>\n<ul>\n<li>La plenitud de Su bendici\u00f3n y gracia.<\/li>\n<\/ul>\n<p>\u201cPorque de Su plenitud (abundancia) todos hemos recibido [todos tuvimos una parte y todos fuimos provistos de] una gracia tras otra y bendici\u00f3n espiritual sobre bendici\u00f3n espiritual e incluso favor sobre favor y regalo [amontonado] sobre regalo.\u201d Juan 1:16, AMPC<\/p>\n<ul>\n<li>La plenitud de su estatura.<\/li>\n<\/ul>\n<p>\u201cPara que se desarrolle, hasta que todos alcancemos la unidad en la fe y en la comprensi\u00f3n del conocimiento pleno y exacto del Hijo de Dios, para que podamos llegar a la madurez real, la plenitud de la personalidad, que es nada menos que la altura est\u00e1ndar de la propia madurez de Cristo, la medida de la estatura de la plenitud de Cristo y la plenitud que se encuentra en \u00c9l.\u201d Efesios 4:13, AMPC<\/p>\n<ul>\n<li>La plenitud de Su gloria.<\/li>\n<\/ul>\n<p>\u201cPues la tierra se llenar\u00e1 del conocimiento de la gloria del Se\u00f1or como las aguas cubren el mar.\u201d 2:14, NBLA<\/p>\n<p>&nbsp;<\/p>\n<p style=\"text-align: center;\">\u201cEn tu fuerza,\u00a0Se\u00f1or,<br \/>\nse regocija el rey;<br \/>\n\u00a1cu\u00e1nto se alegra en tus victorias!<br \/>\nLe has concedido lo que su coraz\u00f3n desea;<br \/>\nno le has negado lo que sus labios piden.\u00a0Selah<br \/>\nHas salido a su encuentro con ricas bendiciones;<br \/>\nlo has coronado con diadema de oro fino.<br \/>\nTe pidi\u00f3 vida, se la concediste:<br \/>\nuna vida larga y duradera.<br \/>\nPor tus victorias se acrecent\u00f3 su gloria;<br \/>\nlo revestiste de honor y majestad.<br \/>\nHas hecho de \u00e9l manantial de bendiciones;<br \/>\ntu presencia lo ha llenado de alegr\u00eda.<br \/>\n7\u00a0El rey conf\u00eda en el\u00a0Se\u00f1or,<br \/>\nen el gran amor del Alt\u00edsimo;<br \/>\npor eso jam\u00e1s caer\u00e1.\u201d<br \/>\nSalmo 21:1- 7, NVI<\/p>\n[\/vc_column_text][\/vc_column][vc_column width=&#8221;1\/6&#8243;][\/vc_column][\/vc_row][vc_row][vc_column][mk_padding_divider size=&#8221;100&#8243;][\/vc_column][\/vc_row][vc_row][vc_column width=&#8221;1\/6&#8243;][\/vc_column][vc_column width=&#8221;2\/3&#8243;][mk_title_box font_weight=&#8221;bold&#8221; letter_spacing=&#8221;3&#8243; font_family=&#8221;none&#8221;]\n<h5 style=\"text-align: center;\">Descargue el lema\u00a0 2021<\/h5>\n[\/mk_title_box][\/vc_column][vc_column width=&#8221;1\/6&#8243;][\/vc_column][\/vc_row][vc_row][vc_column width=&#8221;1\/3&#8243;][\/vc_column][vc_column width=&#8221;1\/3&#8243;][mk_padding_divider][vc_btn title=&#8221;Lema 2020&#8243; shape=&#8221;square&#8221; color=&#8221;orange&#8221; align=&#8221;center&#8221; button_block=&#8221;true&#8221; link=&#8221;url:https%3A%2F%2Fcosechamundial.org%2Fwp-content%2Fuploads%2F2020%2F12%2Flogo-2021-plenitud.pdf||target:%20_blank|&#8221;][vc_btn title=&#8221;Theme 20120&#8243; shape=&#8221;square&#8221; color=&#8221;orange&#8221; align=&#8221;center&#8221; button_block=&#8221;true&#8221; link=&#8221;url:https%3A%2F%2Fcosechamundial.org%2Fwp-content%2Fuploads%2F2020%2F12%2Ftheme-2021-fullness.pdf||target:%20_blank|&#8221;][vc_btn title=&#8221;Motto 2019&#8243; shape=&#8221;square&#8221; color=&#8221;orange&#8221; align=&#8221;center&#8221; button_block=&#8221;true&#8221; link=&#8221;url:https%3A%2F%2Fcosechamundial.org%2Fwp-content%2Fuploads%2F2020%2F12%2Fmotto-2021-pienezza.pdf||target:%20_blank|&#8221;][\/vc_column][vc_column width=&#8221;1\/3&#8243;][\/vc_column][\/vc_row][vc_row][vc_column][mk_padding_divider size=&#8221;100&#8243;][\/vc_column][\/vc_row]\n<\/div>","protected":false},"excerpt":{"rendered":"<p>[mk_page_section bg_image=&#8221;https:\/\/cosechamundial.org\/wp-content\/uploads\/2020\/12\/bg-scaled.jpg&#8221; bg_position=&#8221;center center&#8221; bg_repeat=&#8221;no-repeat&#8221; bg_stretch=&#8221;true&#8221; video_color_mask=&#8221;#494949&#8243; adaptive_height=&#8221;true&#8221; min_height=&#8221;200&#8243; js_vertical_centered=&#8221;true&#8221; padding_top=&#8221;0&#8243; padding_bottom=&#8221;0&#8243; sidebar=&#8221;sidebar-1&#8243;][vc_column][vc_single_image image=&#8221;9122&#8243; img_size=&#8221;full&#8221; alignment=&#8221;center&#8221; css_animation=&#8221;none&#8221;][\/vc_column][\/mk_page_section][vc_row][vc_column][mk_padding_divider size=&#8221;50&#8243;][\/vc_column][\/vc_row][vc_row][vc_column][mk_padding_divider size=&#8221;50&#8243;][\/vc_column][\/vc_row][vc_row][vc_column width=&#8221;1\/6&#8243;][\/vc_column][vc_column width=&#8221;2\/3&#8243;][vc_column_text css=&#8221;.vc_custom_1607711831633{margin-bottom: 0px !important;}&#8221;] \u201cPero [se acerca el tiempo en que] la tierra se llenar\u00e1 del conocimiento de la gloria del Se\u00f1or como las aguas cubren el mar.\u201d Habacuc 2:14, AMPC \u201cSer\u00e1n as\u00ed capaces de [&hellip;]<\/p>\n","protected":false},"author":1,"featured_media":0,"parent":0,"menu_order":0,"comment_status":"closed","ping_status":"closed","template":"","meta":{"_acf_changed":false,"footnotes":""},"class_list":["post-9120","page","type-page","status-publish","hentry"],"acf":[],"_links":{"self":[{"href":"https:\/\/cosechamundial.org\/cm\/wp-json\/wp\/v2\/pages\/9120","targetHints":{"allow":["GET"]}}],"collection":[{"href":"https:\/\/cosechamundial.org\/cm\/wp-json\/wp\/v2\/pages"}],"about":[{"href":"https:\/\/cosechamundial.org\/cm\/wp-json\/wp\/v2\/types\/page"}],"author":[{"embeddable":true,"href":"https:\/\/cosechamundial.org\/cm\/wp-json\/wp\/v2\/users\/1"}],"replies":[{"embeddable":true,"href":"https:\/\/cosechamundial.org\/cm\/wp-json\/wp\/v2\/comments?post=9120"}],"version-history":[{"count":9,"href":"https:\/\/cosechamundial.org\/cm\/wp-json\/wp\/v2\/pages\/9120\/revisions"}],"predecessor-version":[{"id":9134,"href":"https:\/\/cosechamundial.org\/cm\/wp-json\/wp\/v2\/pages\/9120\/revisions\/9134"}],"wp:attachment":[{"href":"https:\/\/cosechamundial.org\/cm\/wp-json\/wp\/v2\/media?parent=9120"}],"curies":[{"name":"wp","href":"https:\/\/api.w.org\/{rel}","templated":true}]}}