{"id":9170,"date":"2021-11-10T19:33:30","date_gmt":"2021-11-10T19:33:30","guid":{"rendered":"https:\/\/cosechamundial.org\/?page_id=9170"},"modified":"2021-12-02T18:34:24","modified_gmt":"2021-12-02T18:34:24","slug":"lema2022","status":"publish","type":"page","link":"https:\/\/cosechamundial.org\/cm\/lema2022\/","title":{"rendered":"Lema 2022"},"content":{"rendered":"<div class=\"wpb-content-wrapper\">[mk_page_section bg_color=&#8221;#0a0a0a&#8221; attachment=&#8221;fixed&#8221; bg_position=&#8221;center center&#8221; bg_repeat=&#8221;no-repeat&#8221; video_color_mask=&#8221;#0a0a0a&#8221; adaptive_height=&#8221;true&#8221; min_height=&#8221;200&#8243; js_vertical_centered=&#8221;true&#8221; padding_top=&#8221;0&#8243; padding_bottom=&#8221;0&#8243; sidebar=&#8221;sidebar-1&#8243;][vc_column][vc_single_image image=&#8221;9174&#8243; img_size=&#8221;full&#8221; alignment=&#8221;center&#8221;][\/vc_column][\/mk_page_section][vc_row][vc_column][mk_padding_divider size=&#8221;50&#8243;][\/vc_column][\/vc_row][vc_row][vc_column][mk_padding_divider size=&#8221;50&#8243;][\/vc_column][\/vc_row][vc_row][vc_column width=&#8221;1\/6&#8243;][\/vc_column][vc_column width=&#8221;2\/3&#8243;][vc_tabs][vc_tab title=&#8221;Espa\u00f1ol&#8221; tab_id=&#8221;1637086320-1-55&#8243;][vc_column_text css=&#8221;.vc_custom_1636633638175{margin-bottom: 0px !important;}&#8221;]\n<h1>Viviendo la Dimensi\u00f3n Verdadera<br \/>\n2022 El Gobierno del Padre<\/h1>\n[\/vc_column_text][vc_column_text css=&#8221;.vc_custom_1636573681985{margin-bottom: 0px !important;}&#8221;]El reino del Padre consiste en la soberana gobernaci\u00f3n del Padre: su autoridad, bendici\u00f3n, riqueza, poder, dominio, gloria y alabanza. Como hijos maduros, su\u00a0Iglesia, somos la Plenitud de Aquel que todo lo llena en todo. Tenemos el gran privilegio de ser sus embajadores en el ministerio de la reconciliaci\u00f3n. En este tiempo, la Iglesia comenzar\u00e1 a vivir desde su mayor comprensi\u00f3n del gobierno del Padre, demostrando su amor en hechos concretos, liberando su entorno, su mundo, a la libertad gloriosa para ser quienes y qu\u00e9 fue destinada a ser desde antes de la fundaci\u00f3n del mundo.<br \/>\nEste es el d\u00eda de vivir y manifestar el Gobierno del Padre.[\/vc_column_text][vc_single_image image=&#8221;9193&#8243; img_size=&#8221;full&#8221;][vc_btn title=&#8221;Descargar Lema 2022&#8243; shape=&#8221;square&#8221; color=&#8221;chino&#8221; align=&#8221;center&#8221; button_block=&#8221;true&#8221; link=&#8221;url:https%3A%2F%2Fcosechamundial.org%2Fwp-content%2Fuploads%2F2021%2F11%2Flema-2022-espanol.pdf|title:Lema%202022|target:%20_blank|&#8221;][\/vc_tab][vc_tab title=&#8221;Ingles&#8221; tab_id=&#8221;1637086320-2-16&#8243;][vc_column_text css=&#8221;.vc_custom_1637086595045{margin-bottom: 0px !important;}&#8221;]\n<h1>Living from the True Dimension<br \/>\n2022 The Government of the Father<\/h1>\n[\/vc_column_text][vc_column_text css=&#8221;.vc_custom_1637086557295{margin-bottom: 0px !important;}&#8221;]The Father\u2019s kingdom consists of the His sovereign rule: his authority, blessing, riches, power, dominion, glory and praise.<br \/>\nAs mature sons, his Church, we are the Fullness of the One who fills all things in all.<br \/>\nWe have the privilege of being his ambassadors in the ministry of reconciliation. In this time, the Church will live from a greater understanding of the Father&#8217;s government, demonstrating his love in tangible deeds, liberating it\u2019s environment and world, to the glorious freedom to be who, and what it was destined to be from before the foundation of the world. This is the day to live and manifest the Government of the Father.[\/vc_column_text][vc_single_image image=&#8221;9192&#8243; img_size=&#8221;full&#8221;][vc_btn title=&#8221;Dowload Theme 2022&#8243; shape=&#8221;square&#8221; color=&#8221;chino&#8221; align=&#8221;center&#8221; button_block=&#8221;true&#8221; link=&#8221;url:https%3A%2F%2Fcosechamundial.org%2Fwp-content%2Fuploads%2F2021%2F11%2Ftheme-2022-description.pdf||target:%20_blank|&#8221;][\/vc_tab][vc_tab title=&#8221;Italiano&#8221; tab_id=&#8221;1637086600951-2-6&#8243;][vc_column_text css=&#8221;.vc_custom_1637086785974{margin-bottom: 0px !important;}&#8221;]\n<h1>VIVERE LA VERA DIMENSIONE:<br \/>\n2022 IL GOVERNO DEL PADRE<\/h1>\n[\/vc_column_text][vc_column_text css=&#8221;.vc_custom_1637087747617{margin-bottom: 0px !important;}&#8221;]Il regno del Padre consiste nella sovrana governanza del Padre: la sua autorit\u00e0, benedizione, ricchezza, potere, dominio, gloria e lode. Come figli maturi, la sua Chiesa, siamo la Pienezza di Colui che tutto riempie in tutto. Abbiamo il grande privilegio di essere i suoi ambasciatori nel ministero della riconciliazione. In questo tempo, la Chiesa inizier\u00e0 a vivere dalla sua pi\u00f9 grande comprensione del governo del Padre, dimostrando il suo amore in fatti concreti, liberando il suo ambiente, il suo mondo alla libert\u00e0 gloriosa, per essere chi e cosa \u00e8 stata destinata ad essere fin da prima della fondazione del mondo.<br \/>\nQuesto \u00e8 il giorno di vivere e di manifestare il governo del Padre.[\/vc_column_text][vc_single_image image=&#8221;9194&#8243; img_size=&#8221;full&#8221;][vc_btn title=&#8221;Scaricarsi Motto 2022&#8243; shape=&#8221;square&#8221; color=&#8221;chino&#8221; align=&#8221;center&#8221; button_block=&#8221;true&#8221; link=&#8221;url:https%3A%2F%2Fcosechamundial.org%2Fwp-content%2Fuploads%2F2021%2F11%2Flema-italiano-descripcion.pdf||target:%20_blank|&#8221;][\/vc_tab][\/vc_tabs][\/vc_column][vc_column width=&#8221;1\/6&#8243;][\/vc_column][\/vc_row][vc_row][vc_column][mk_padding_divider size=&#8221;100&#8243;][vc_btn title=&#8221;Paquete Completo 2022 \/ Full Pack 2022 &#8221; color=&#8221;turquoise&#8221; align=&#8221;center&#8221; i_icon_fontawesome=&#8221;fa fa-folder-open&#8221; button_block=&#8221;true&#8221; add_icon=&#8221;true&#8221; link=&#8221;url:https%3A%2F%2Fdrive.google.com%2Fdrive%2Ffolders%2F157rjM4P-VUXD-ijMise3kZRlr4PgQhVf%3Fusp%3Dsharing|title:Pack%202022|target:%20_blank|&#8221;][\/vc_column][\/vc_row][vc_row][vc_column width=&#8221;1\/6&#8243;][\/vc_column][vc_column width=&#8221;2\/3&#8243;][\/vc_column][vc_column width=&#8221;1\/6&#8243;][\/vc_column][\/vc_row][vc_row][vc_column width=&#8221;1\/3&#8243;][\/vc_column][vc_column width=&#8221;1\/3&#8243;][mk_padding_divider][\/vc_column][vc_column width=&#8221;1\/3&#8243;][\/vc_column][\/vc_row][vc_row][vc_column][mk_padding_divider size=&#8221;100&#8243;][\/vc_column][\/vc_row]\n<\/div>","protected":false},"excerpt":{"rendered":"<p>[mk_page_section bg_color=&#8221;#0a0a0a&#8221; attachment=&#8221;fixed&#8221; bg_position=&#8221;center center&#8221; bg_repeat=&#8221;no-repeat&#8221; video_color_mask=&#8221;#0a0a0a&#8221; adaptive_height=&#8221;true&#8221; min_height=&#8221;200&#8243; js_vertical_centered=&#8221;true&#8221; padding_top=&#8221;0&#8243; padding_bottom=&#8221;0&#8243; sidebar=&#8221;sidebar-1&#8243;][vc_column][vc_single_image image=&#8221;9174&#8243; img_size=&#8221;full&#8221; alignment=&#8221;center&#8221;][\/vc_column][\/mk_page_section][vc_row][vc_column][mk_padding_divider size=&#8221;50&#8243;][\/vc_column][\/vc_row][vc_row][vc_column][mk_padding_divider size=&#8221;50&#8243;][\/vc_column][\/vc_row][vc_row][vc_column width=&#8221;1\/6&#8243;][\/vc_column][vc_column width=&#8221;2\/3&#8243;][vc_tabs][vc_tab title=&#8221;Espa\u00f1ol&#8221; tab_id=&#8221;1637086320-1-55&#8243;][vc_column_text css=&#8221;.vc_custom_1636633638175{margin-bottom: 0px !important;}&#8221;] Viviendo la Dimensi\u00f3n Verdadera 2022 El Gobierno del Padre [\/vc_column_text][vc_column_text css=&#8221;.vc_custom_1636573681985{margin-bottom: 0px !important;}&#8221;]El reino del Padre consiste en la soberana gobernaci\u00f3n del Padre: su autoridad, bendici\u00f3n, riqueza, poder, dominio, gloria [&hellip;]<\/p>\n","protected":false},"author":1,"featured_media":0,"parent":0,"menu_order":0,"comment_status":"closed","ping_status":"closed","template":"","meta":{"_acf_changed":false,"footnotes":""},"class_list":["post-9170","page","type-page","status-publish","hentry"],"acf":[],"_links":{"self":[{"href":"https:\/\/cosechamundial.org\/cm\/wp-json\/wp\/v2\/pages\/9170","targetHints":{"allow":["GET"]}}],"collection":[{"href":"https:\/\/cosechamundial.org\/cm\/wp-json\/wp\/v2\/pages"}],"about":[{"href":"https:\/\/cosechamundial.org\/cm\/wp-json\/wp\/v2\/types\/page"}],"author":[{"embeddable":true,"href":"https:\/\/cosechamundial.org\/cm\/wp-json\/wp\/v2\/users\/1"}],"replies":[{"embeddable":true,"href":"https:\/\/cosechamundial.org\/cm\/wp-json\/wp\/v2\/comments?post=9170"}],"version-history":[{"count":19,"href":"https:\/\/cosechamundial.org\/cm\/wp-json\/wp\/v2\/pages\/9170\/revisions"}],"predecessor-version":[{"id":9200,"href":"https:\/\/cosechamundial.org\/cm\/wp-json\/wp\/v2\/pages\/9170\/revisions\/9200"}],"wp:attachment":[{"href":"https:\/\/cosechamundial.org\/cm\/wp-json\/wp\/v2\/media?parent=9170"}],"curies":[{"name":"wp","href":"https:\/\/api.w.org\/{rel}","templated":true}]}}