{"id":9541,"date":"2022-11-01T19:17:26","date_gmt":"2022-11-01T19:17:26","guid":{"rendered":"https:\/\/cosechamundial.org\/?page_id=9541"},"modified":"2022-11-07T18:31:24","modified_gmt":"2022-11-07T18:31:24","slug":"lema2023","status":"publish","type":"page","link":"https:\/\/cosechamundial.org\/cm\/lema2023\/","title":{"rendered":"Lema 2023"},"content":{"rendered":"<div class=\"wpb-content-wrapper\">[mk_page_section bg_color=&#8221;#0a0a0a&#8221; attachment=&#8221;fixed&#8221; bg_position=&#8221;center center&#8221; bg_repeat=&#8221;no-repeat&#8221; video_color_mask=&#8221;#0a0a0a&#8221; adaptive_height=&#8221;true&#8221; min_height=&#8221;200&#8243; js_vertical_centered=&#8221;true&#8221; padding_top=&#8221;0&#8243; padding_bottom=&#8221;0&#8243; sidebar=&#8221;sidebar-1&#8243;][vc_column][vc_single_image image=&#8221;9543&#8243; img_size=&#8221;full&#8221; alignment=&#8221;center&#8221;][\/vc_column][\/mk_page_section][vc_row][vc_column width=&#8221;1\/6&#8243;][\/vc_column][vc_column width=&#8221;2\/3&#8243;][mk_padding_divider size=&#8221;63&#8243;][mk_fancy_title font_family=&#8221;none&#8221;]\n<h2 style=\"text-align: center;\"><span style=\"font-weight: 500;\">A\u00f1o 2023 <\/span><span style=\"font-weight: 400;\">El Dominio de su Amor<\/span><\/h2>\n<h2 style=\"text-align: center;\"><span style=\"font-weight: 400;\">Salmo 23 <\/span><\/h2>\n[\/mk_fancy_title][vc_column_text css=&#8221;.vc_custom_1667845870087{margin-bottom: 0px !important;}&#8221;]<span style=\"font-weight: 400;\">De tal manera am\u00f3 Dios a la humanidad que dio; y su dar nos ha colocado en el dominio de su amor. Dios Padre es amor, su reino es un reino de amor y todo lo que mueve al Padre es desde esa esencia de amor. Ese mismo amor fue derramado en el coraz\u00f3n de cada hijo (Romanos 5:5) convirti\u00e9ndolo en el amor del Padre aqu\u00ed en la tierra. Vivir el dominio de su amor es vivir la plenitud de tu prop\u00f3sito.<\/span><\/p>\n<p><span style=\"font-weight: 400;\">La palabra \u201cdominio\u201d, en una de sus definiciones, se refiere al poder que un individuo posee sobre el uso y disposici\u00f3n de lo que es suyo. Dios Padre tiene uso y disposici\u00f3n sobre toda su creaci\u00f3n y \u00c9l te ha dado un dominio aqu\u00ed en la tierra. Te ha capacitado con el prop\u00f3sito de que puedas disponer de todo lo que \u00c9l te dio para beneficiar a tu mundo. Dar fruto, multiplicar, y ejercer dominio es tu dise\u00f1o; est\u00e1s hecho para ejercer dominio igual que tu Padre. Vivir en el dominio de su amor es vivir en plena identidad, dispensando de lo que t\u00fa posees para transformar tu entorno.<\/span><\/p>\n<p><span style=\"font-weight: 400;\">Cuando vives en el dominio del amor del Padre, su gracia y poder tienen la m\u00e1xima expresi\u00f3n de prop\u00f3sito, provisi\u00f3n y protecci\u00f3n en tu vida. En ese dominio, su herencia encuentra al hijo maduro que eres, impuls\u00e1ndote a suministrar las riquezas de su reino. La sanidad, la restauraci\u00f3n, la provisi\u00f3n abundante, la creatividad y las soluciones celestiales para tu entorno son soltadas. Es el ambiente donde el gobierno del Padre encuentra la atm\u00f3sfera perfecta para ese incremento sobrenatural de su reino. \u00a1Esto sucede en el dominio de su amor!<\/span><\/p>\n<p><span style=\"font-weight: 400;\">Este a\u00f1o es imprescindible conocer y creerle al amor del Padre (1.\u00aa Juan 4:16) en mayor profundidad porque esto evitar\u00e1 que caigas en la trampa del temor que paraliza tu fe. La seguridad en el dominio de su amor te dar\u00e1 la confianza para arriesgarte en esa vida de fe que fuiste dise\u00f1ado a vivir. Cuanto m\u00e1s te ejercites en habitar en ese dominio, m\u00e1s podr\u00e1s generar el dominio de \u201ctu amor\u201d en \u201ctu mundo\u201d, dispensando de lo que posees para beneficiar a los dem\u00e1s.<\/span><\/p>\n<p><span style=\"font-weight: 400;\">Pedro y Juan no ofrecieron al mendigo una provisi\u00f3n moment\u00e1nea en una limosna. Ellos dijeron: \u201c\u2026pero lo que tengo te doy; en el nombre de Jesucristo de Nazaret, lev\u00e1ntate y anda\u201d, y el cojo se levant\u00f3 sano y libre (Hechos 3:6, \u00e9nfasis del autor). Tienes una posesi\u00f3n de parte del Padre para suministrar vida, soluciones y salvaci\u00f3n a las personas en tu entorno. Cristo en ti es tu esperanza del peso tangible de tu dar. Tienes un dominio dado por el Padre, y est\u00e1s empoderado para usar y disponer de lo que posees. \u00a1Eres poderoso!<\/span><\/p>\n<p><span style=\"font-weight: 400;\">La Iglesia es el cuerpo de Cristo. Es su manifestaci\u00f3n visible aqu\u00ed en la tierra. El Esp\u00edritu de Verdad est\u00e1 para ayudarte a vivir la expresi\u00f3n plena de \u00c9l en tu entorno. Conocer su amor es creer y conocer su voluntad para tu mundo. Esa revelaci\u00f3n en la comuni\u00f3n con \u00c9l libera desde tu interior los r\u00edos de agua viva a favor de otros. El dominio de su amor permite ese fluir, sobrenaturalmente natural; un caudal que manifiesta el amor y la buena voluntad del Padre a favor de la humanidad.<\/span><\/p>\n<p><span style=\"font-weight: 400;\">El Salmo 23, habla de la vida de una persona que vive en el dominio del amor del Buen Pastor. Este es el primer aspecto de nuestro enfoque este a\u00f1o: tu vida personal en relaci\u00f3n con Cristo. Debes conocer la grandeza de ese amor y vivir arraigado y cimentado en \u00e9l para vivir lleno de toda la plenitud del Padre (Efesios 3:16-21). Hemos provisto videos explicativos cortos para facilitar el entendimiento de c\u00f3mo vivir el dominio de su amor en tu vida personal (escanea el c\u00f3digo QR).<\/span><\/p>\n<p><span style=\"font-weight: 400;\">El segundo aspecto del dominio de su amor se refiere al dominio de \u201ctu amor\u201d. La maravillosa expresi\u00f3n de qui\u00e9n eres t\u00fa en uni\u00f3n con Cristo.<\/span><\/p>\n<p><span style=\"font-weight: 400;\">Imagina conmigo la transformaci\u00f3n mundial que veremos al levantarse la Iglesia en el dominio de su amor, dispensando lo que Cristo le dio a favor de \u201csu mundo\u201d.<\/span><\/p>\n<p><span style=\"font-weight: 400;\">El Almirante William H. McRaven dijo en el discurso dado a los 8000 Egresados de la Universidad de Texas en 2014: \u201cEsta noche son casi ocho mil los estudiantes que se grad\u00faan de la Universidad. Ese gran modelo de rigor anal\u00edtico que es \u201cAsk.com\u201d dice que el estadounidense promedio conocer\u00e1 a diez mil personas a lo largo de su vida. Eso es mucha gente. Pero, si cada uno de ustedes cambiara la vida de tan solo diez personas, y cada una de esas personas cambiara la vida de otras diez personas m\u00e1s, solo diez, entonces en cinco generaciones (125 a\u00f1os) la clase del 2014 habr\u00e1 cambiado la vida de 800 millones de personas. Ochocientos millones de personas. Pi\u00e9nsalo: m\u00e1s del doble de la poblaci\u00f3n de los Estados Unidos. Pasa una generaci\u00f3n m\u00e1s, y podr\u00edan cambiar a toda la poblaci\u00f3n del mundo, ocho mil millones de personas. Si crees que es dif\u00edcil cambiar la vida de diez personas, cambiar sus vidas para siempre, te equivocas\u201d. \u00aa<\/span><\/p>\n<p><span style=\"font-weight: 400;\">\u00bfCu\u00e1ntos hijos de Dios hay en el mundo? \u00bfCu\u00e1ntos hijos de Dios hay en tu ciudad? \u00bfO en tu congregaci\u00f3n? \u00bfCu\u00e1ntas personas llegar\u00e1n a tu Encuentro de Amistad en este a\u00f1o? \u00bfCu\u00e1ntas personas llegar\u00e1n a tu congregaci\u00f3n este a\u00f1o? \u00bfPodemos generar una visi\u00f3n interna y vivir apasionados para cambiar las vidas de las personas en nuestro lugar de dominio? Si entendemos que somos el arma m\u00e1s poderosa en la tierra, el amor del Padre, y si ejercemos nuestro mandato de prop\u00f3sito (G\u00e9nesis 1:26-28), seremos esa Iglesia imparable. Facilitaremos lo que poseemos a nuestro entorno en confianza, en el poder y la autoridad que ese amor nos suministra.<\/span><\/p>\n<p><span style=\"font-weight: 400;\">Este a\u00f1o es para vivir en plena comuni\u00f3n con el Buen Pastor en el \u201cDominio de su Amor\u201d; para dispensar y suministrar lo que poseemos a las personas que est\u00e1n en nuestro dominio de amor. El 2023 es un a\u00f1o extraordinario. Sin duda enfrentaremos desaf\u00edos, \u201cvalles de sombra de muerte\u201d, pero t\u00fa y yo nos ocuparemos de conocer y creerle a esa persona de Amor, Cristo, y vivir en su dominio. Yo dispongo de lo que poseo para tu beneficio, para facilitarte vivir la abundancia y plenitud de su reino.<\/span><\/p>\n<p><span style=\"font-weight: 400;\">Durante el transcurso del a\u00f1o, estaremos desarrollando 12 aspectos dentro del \u201cDominio de su amor\u201d; te animo a que puedas ver, cada mes, los videos explicativos accediendo al C\u00f3digo QR para poder captar el enfoque de la impartici\u00f3n. \u00a1Este 2023 est\u00e1 destinado a ser tu mejor a\u00f1o!<\/span><\/p>\n<ol>\n<li><span style=\"font-weight: 400;\"> Relaci\u00f3n: \u201cEl Se\u00f1or es mi Pastor\u201d.<\/span><\/li>\n<li><span style=\"font-weight: 400;\"> Integridad: \u201cNada me faltar\u00e1\u201d.<\/span><\/li>\n<li><span style=\"font-weight: 400;\"> Reposo: \u201cEn lugares de delicados pastos me har\u00e1 descansar\u201d.<\/span><\/li>\n<li><span style=\"font-weight: 400;\"> Fortaleza: \u201cJunto a aguas de reposo me pastorear\u00e1\u201d.<\/span><\/li>\n<li><span style=\"font-weight: 400;\"> Libertad: \u201cConfortar\u00e1 mi alma\u201d.<\/span><\/li>\n<li><span style=\"font-weight: 400;\"> Identidad: \u201cMe guiar\u00e1 por sendas de justicia por amor de tu nombre\u201d.<\/span><\/li>\n<li><span style=\"font-weight: 400;\"> Seguridad: \u201cAunque ande en valle de sombra de muerte, no temer\u00e9 mal alguno, porque T\u00fa est\u00e1s conmigo. Tu vara y cayado me infundir\u00e1n aliento\u201d.<\/span><\/li>\n<li><span style=\"font-weight: 400;\"> Plenitud: \u201cAderezas mesa delante de m\u00ed en presencia de mis enemigos\u201d.<\/span><\/li>\n<li><span style=\"font-weight: 400;\"> Vitalidad: \u201cUnges mi cabeza con aceite. Prop\u00f3sito: \u201cMi copa est\u00e1 rebosando\u201d.<\/span><\/li>\n<li><span style=\"font-weight: 400;\"> Generosidad: \u201cCiertamente el bien y la misericordia me seguir\u00e1n todos los d\u00edas de mi vida\u201d.<\/span><\/li>\n<li><span style=\"font-weight: 400;\"> Eternidad: \u201cY en la casa de Jehov\u00e1 morar\u00e9 por largos d\u00edas\u201d.<\/span><\/li>\n<\/ol>\n<p><span style=\"font-weight: 400;\">\u00aaMake your Bed por Almirante William H. McRaven<\/span>[\/vc_column_text][\/vc_column][vc_column width=&#8221;1\/6&#8243;][\/vc_column][\/vc_row][vc_row][vc_column][mk_padding_divider size=&#8221;100&#8243;][vc_btn title=&#8221;Paquete Completo 2023 \/ Full Pack 2023&#8243; color=&#8221;turquoise&#8221; align=&#8221;center&#8221; i_icon_fontawesome=&#8221;&#8221; button_block=&#8221;true&#8221; add_icon=&#8221;true&#8221; link=&#8221;url:https%3A%2F%2Fdrive.google.com%2Fdrive%2Ffolders%2F1Lu7mlQ2fz7iCfzydA2KXJGrzq4mKqiru%3Fusp%3Dshare_link|title:Pack%202023|target:_blank&#8221;][\/vc_column][\/vc_row][vc_row][vc_column width=&#8221;1\/3&#8243;][\/vc_column][vc_column width=&#8221;1\/3&#8243;][mk_padding_divider][\/vc_column][vc_column width=&#8221;1\/3&#8243;][\/vc_column][\/vc_row][vc_row][vc_column][mk_padding_divider size=&#8221;100&#8243;][\/vc_column][\/vc_row]\n<\/div>","protected":false},"excerpt":{"rendered":"<p>[mk_page_section bg_color=&#8221;#0a0a0a&#8221; attachment=&#8221;fixed&#8221; bg_position=&#8221;center center&#8221; bg_repeat=&#8221;no-repeat&#8221; video_color_mask=&#8221;#0a0a0a&#8221; adaptive_height=&#8221;true&#8221; min_height=&#8221;200&#8243; js_vertical_centered=&#8221;true&#8221; padding_top=&#8221;0&#8243; padding_bottom=&#8221;0&#8243; sidebar=&#8221;sidebar-1&#8243;][vc_column][vc_single_image image=&#8221;9543&#8243; img_size=&#8221;full&#8221; alignment=&#8221;center&#8221;][\/vc_column][\/mk_page_section][vc_row][vc_column width=&#8221;1\/6&#8243;][\/vc_column][vc_column width=&#8221;2\/3&#8243;][mk_padding_divider size=&#8221;63&#8243;][mk_fancy_title font_family=&#8221;none&#8221;] A\u00f1o 2023 El Dominio de su Amor Salmo 23 [\/mk_fancy_title][vc_column_text css=&#8221;.vc_custom_1667845870087{margin-bottom: 0px !important;}&#8221;]De tal manera am\u00f3 Dios a la humanidad que dio; y su dar nos ha colocado en el dominio de su amor. Dios [&hellip;]<\/p>\n","protected":false},"author":1,"featured_media":0,"parent":0,"menu_order":0,"comment_status":"closed","ping_status":"closed","template":"","meta":{"_acf_changed":false,"footnotes":""},"class_list":["post-9541","page","type-page","status-publish","hentry"],"acf":[],"_links":{"self":[{"href":"https:\/\/cosechamundial.org\/cm\/wp-json\/wp\/v2\/pages\/9541","targetHints":{"allow":["GET"]}}],"collection":[{"href":"https:\/\/cosechamundial.org\/cm\/wp-json\/wp\/v2\/pages"}],"about":[{"href":"https:\/\/cosechamundial.org\/cm\/wp-json\/wp\/v2\/types\/page"}],"author":[{"embeddable":true,"href":"https:\/\/cosechamundial.org\/cm\/wp-json\/wp\/v2\/users\/1"}],"replies":[{"embeddable":true,"href":"https:\/\/cosechamundial.org\/cm\/wp-json\/wp\/v2\/comments?post=9541"}],"version-history":[{"count":12,"href":"https:\/\/cosechamundial.org\/cm\/wp-json\/wp\/v2\/pages\/9541\/revisions"}],"predecessor-version":[{"id":9557,"href":"https:\/\/cosechamundial.org\/cm\/wp-json\/wp\/v2\/pages\/9541\/revisions\/9557"}],"wp:attachment":[{"href":"https:\/\/cosechamundial.org\/cm\/wp-json\/wp\/v2\/media?parent=9541"}],"curies":[{"name":"wp","href":"https:\/\/api.w.org\/{rel}","templated":true}]}}