{"id":9613,"date":"2023-12-28T09:24:35","date_gmt":"2023-12-28T12:24:35","guid":{"rendered":"https:\/\/cosechamundial.org\/cm\/?page_id=9613"},"modified":"2023-12-28T09:52:08","modified_gmt":"2023-12-28T12:52:08","slug":"lema2024","status":"publish","type":"page","link":"https:\/\/cosechamundial.org\/cm\/lema2024\/","title":{"rendered":"Lema 2024"},"content":{"rendered":"<div class=\"wpb-content-wrapper\">[mk_page_section bg_color=&#8221;#0a0a0a&#8221; attachment=&#8221;fixed&#8221; bg_position=&#8221;center center&#8221; bg_repeat=&#8221;no-repeat&#8221; video_color_mask=&#8221;#0a0a0a&#8221; adaptive_height=&#8221;true&#8221; min_height=&#8221;200&#8243; js_vertical_centered=&#8221;true&#8221; padding_top=&#8221;0&#8243; padding_bottom=&#8221;0&#8243; sidebar=&#8221;sidebar-1&#8243;][vc_column][vc_single_image image=&#8221;9615&#8243; img_size=&#8221;full&#8221; alignment=&#8221;center&#8221;][\/vc_column][\/mk_page_section][vc_row][vc_column width=&#8221;1\/6&#8243;][\/vc_column][vc_column width=&#8221;2\/3&#8243;][mk_padding_divider size=&#8221;63&#8243;][mk_fancy_title font_family=&#8221;none&#8221;]\n<h2 style=\"text-align: center;\"><span style=\"font-weight: 500;\">A\u00f1o 2024 <\/span><span style=\"font-weight: 400;\">Guiados para reinar<\/span><\/h2>\n[\/mk_fancy_title][vc_column_text css=&#8221;.vc_custom_1703767531944{margin-bottom: 0px !important;}&#8221;]\u201cPues si por la transgresi\u00f3n de uno solo rein\u00f3 la muerte, mucho m\u00e1s reinar\u00e1n en vida por uno solo, Jesucristo, los que reciben la abundancia de la gracia y del don de la justicia.\u201d<\/p>\n<p>En el mes de septiembre de cada a\u00f1o, estamos atentos al Esp\u00edritu Santo para percibir el enfoque prof\u00e9tico del nuevo a\u00f1o. Hemos visto que, como familia Cosecha Mundial, experimentamos una transici\u00f3n sobrenatural y casi inconsciente en ese tiempo. Es el previo que tenemos el privilegio de percibir, reflexionar y conocer. Es la palabra prof\u00e9tica que direcciona nuestro enfoque como Iglesia, llev\u00e1ndonos a vivir las realidades de esa impartici\u00f3n si la honramos y la abrazamos.<\/p>\n<p>Por a\u00f1os se viene hablando a la Iglesia en general, que la creaci\u00f3n gime por la manifestaci\u00f3n de los hijos de Dios (Romanos 8:19-22). Es la Iglesia que ha sido enviado a evidenciar el reino de Dios a favor de ella y la humanidad. Es la Iglesia que debe tener una convicci\u00f3n inconmovible de la realidad de ese reino manifestado en amor y poder, y la autoridad absoluta del Rey de ese reino, Jesucristo. \u00c9l nos ense\u00f1\u00f3 por su predicaci\u00f3n de la llegada de su reino, que el enfoque en la oraci\u00f3n es \u201ccomo en la esfera del Padre, as\u00ed tambi\u00e9n en la tierra\u201d y que cuando las tinieblas incrementan, nuestra luz brilla a\u00fan m\u00e1s fuerte; somos una ciudad de luz colocada sobre una colina, la sal de tierra y embajadores de un mensaje de reconciliaci\u00f3n, no de un ultim\u00e1tum o condenaci\u00f3n. Este es el tiempo de enfocarnos en manifestar esa verdad.<\/p>\n<p>Guiados para reinar, es una direcci\u00f3n del Esp\u00edritu Santo para llevar a la Iglesia a descubrir con mayor magnitud no solo el mandato de \u201cdar a conocer el reino de Dios\u201d, sino tambi\u00e9n su capacidad en Cristo para acceder a lo sobrenatural, lo que nos permite evidenciar la verdad del amor de Dios al mundo. Ser testigos de ese reino de amor y poder es nuestra misi\u00f3n como Iglesia. Es cada hijo de Dios en su esfera de influencia demostrando el reino, llevando a las personas a vivir la nobleza que son en Cristo. Comenzando desde el hogar, el \u00e1mbito laboral, las amistades y los lugares donde se desarrolla, la Iglesia est\u00e1 destinado a reinar. Cristo nos capacit\u00f3 como hijos de Dios para reinar aqu\u00ed en esta tierra.<\/p>\n<p>Reinar significa ejercer un poder o liderazgo sobre un territorio, tener una influencia significativa sobre un \u00e1mbito. Es un t\u00e9rmino de realeza y en el contexto del reino de Dios, implica el liderazgo e influencia de los hijos de Dios, extendiendo la manifestaci\u00f3n de la buena voluntad del Padre a favor de cada persona en esa esfera. Reinar significa que podemos ejercer esa autoridad dada por Cristo sobre TODA adversidad, y sujetar aquellas cosas contrarias a la voluntad del Padre, a la verdad de Cristo. Reinar nos permite suministrar los recursos del Padre en Cristo a favor de nuestro entorno. Somos ministros competentes, embajadores de un reino, hijos de nuestro Padre.<\/p>\n<p>Reinar en vida significa que no aceptamos una \u201csalida f\u00e1cil\u201d, buscando escapar de este mundo, sino m\u00e1s bien, ocup\u00e1ndonos en esa misi\u00f3n posible que Cristo nos dio de discipular naciones. Es uno de los desaf\u00edos m\u00e1s extraordinarios que Cristo nos ha confiado y es posible cuando comprendemos que en \u00c9l y por medio de \u00c9l, somos destinados a reinar.<\/p>\n<p>\u00b4Guiados para reinar\u00b4 implica que la gu\u00eda del Esp\u00edritu Santo es necesario. Todo hijo debe acceder a la sabidur\u00eda en Cristo para saber c\u00f3mo ejercer esa autoridad e influencia para el bienestar de su entorno. Amando con la misma madurez con que le Padre nos ha amado es necesario para reinar, ya que la autoridad del reino funciona desde ese amor. La identidad en Cristo y nuestra esencia de amor es imprescindible. Vivir desde nuestra esencia de amor nos encamina en lo perfecto, gui\u00e1ndonos conforme al coraz\u00f3n del Padre. En esa uni\u00f3n con su coraz\u00f3n, sus prioridades, su perspectiva y los recursos de su reino fluyen con abundancia. Una de las represas m\u00e1s grandes en la vida de los hijos de Dios y lo que impide la abundancia de vida, es su inconsistencia de permanecer ese amor incondicional. Ese amor nos gu\u00eda para reinar, para acceder a la provisi\u00f3n del Padre, de mantenernos en el estado espiritual de reposo y de manifestar la voluntad de Dios a favor de nuestras familias, ciudades y naciones.<\/p>\n<p>\u00b4Guiados para reinar\u00b4 deber\u00eda embarcarte en una hermosa aventura con Cristo. Es una mirada prof\u00e9tica para este a\u00f1o y tu invitaci\u00f3n personal de Cristo para ser protagonista en el tiempo m\u00e1s maravilloso en la historia. \u00c9l pag\u00f3 el m\u00e1ximo precio posible para que t\u00fa y yo vivi\u00e9ramos como los reyes que somos, reinando sobre el territorio que \u00c9l nos confi\u00f3, transformando ambientes, cambiando las historias de familias y levantando a nuestras naciones a su prop\u00f3sito inicial. \u00b4Guiados para reinar\u00b4 nos llevar\u00e1 a comprobar la actualizaci\u00f3n contempor\u00e1nea de cada uno de los milagros de Cristo. Su modelo se convertir\u00e1 en nuestro diario caminar, accediendo a la esfera espiritual para traer a tierra la demostraci\u00f3n de su amor y poder. Cristo no est\u00e1 limitado ni tampoco nosotros, la Iglesia. Somos su cuerpo, su extensi\u00f3n y seremos guiados para reinar.<\/p>\n<p>Una palabra prof\u00e9tica es una invitaci\u00f3n. Tu \u00a8s\u00ed\u201d y tu constante afirmaci\u00f3n de vivir esa realidad es lo que te llevar\u00e1 a las dimensiones ya preparadas para ti. No tienes que saber \u201cc\u00f3mo\u201d, sino decir \u201cyo quiero\u201d. Su gracia en ti obrar\u00e1 mucho m\u00e1s abundantemente de lo que puedes imaginar. Nuestro a\u00f1o 2024, \u00b4Guiados para reinar\u00b4 es para todos.<\/p>\n<p>\u201cLa muerte una vez nos tuvo en sus garras, y por el error de un hombre, la muerte rein\u00f3 como rey sobre la humanidad. Pero ahora, \u00a1cu\u00e1nto m\u00e1s estamos cautivos en las garras de la gracia y continuamos reinando como reyes en la vida, disfrutando de nuestra libertad real a trav\u00e9s del don de la justicia perfecta en el \u00fanico Jes\u00fas, el Mes\u00edas! Romanos 5:17 TPT[\/vc_column_text][\/vc_column][vc_column width=&#8221;1\/6&#8243;][\/vc_column][\/vc_row][vc_row][vc_column][mk_padding_divider size=&#8221;100&#8243;][vc_btn title=&#8221;Paquete Completo 2024 \/ Full Pack 2024&#8243; color=&#8221;turquoise&#8221; align=&#8221;center&#8221; i_icon_fontawesome=&#8221;&#8221; button_block=&#8221;true&#8221; add_icon=&#8221;true&#8221; link=&#8221;url:https%3A%2F%2Fdrive.google.com%2Fdrive%2Ffolders%2F18cDZUi2i3onMKbgxfL28is0oFCsmCiBs%3Fusp%3Dsharing|title:Pack%202024|target:_blank&#8221;][\/vc_column][\/vc_row][vc_row][vc_column width=&#8221;1\/3&#8243;][\/vc_column][vc_column width=&#8221;1\/3&#8243;][mk_padding_divider][\/vc_column][vc_column width=&#8221;1\/3&#8243;][\/vc_column][\/vc_row][vc_row][vc_column][mk_padding_divider size=&#8221;100&#8243;][\/vc_column][\/vc_row]\n<\/div>","protected":false},"excerpt":{"rendered":"<p>[mk_page_section bg_color=&#8221;#0a0a0a&#8221; attachment=&#8221;fixed&#8221; bg_position=&#8221;center center&#8221; bg_repeat=&#8221;no-repeat&#8221; video_color_mask=&#8221;#0a0a0a&#8221; adaptive_height=&#8221;true&#8221; min_height=&#8221;200&#8243; js_vertical_centered=&#8221;true&#8221; padding_top=&#8221;0&#8243; padding_bottom=&#8221;0&#8243; sidebar=&#8221;sidebar-1&#8243;][vc_column][vc_single_image image=&#8221;9615&#8243; img_size=&#8221;full&#8221; alignment=&#8221;center&#8221;][\/vc_column][\/mk_page_section][vc_row][vc_column width=&#8221;1\/6&#8243;][\/vc_column][vc_column width=&#8221;2\/3&#8243;][mk_padding_divider size=&#8221;63&#8243;][mk_fancy_title font_family=&#8221;none&#8221;] A\u00f1o 2024 Guiados para reinar [\/mk_fancy_title][vc_column_text css=&#8221;.vc_custom_1703767531944{margin-bottom: 0px !important;}&#8221;]\u201cPues si por la transgresi\u00f3n de uno solo rein\u00f3 la muerte, mucho m\u00e1s reinar\u00e1n en vida por uno solo, Jesucristo, los que reciben la abundancia de la [&hellip;]<\/p>\n","protected":false},"author":1,"featured_media":0,"parent":0,"menu_order":0,"comment_status":"closed","ping_status":"closed","template":"","meta":{"_acf_changed":false,"footnotes":""},"class_list":["post-9613","page","type-page","status-publish","hentry"],"acf":[],"_links":{"self":[{"href":"https:\/\/cosechamundial.org\/cm\/wp-json\/wp\/v2\/pages\/9613","targetHints":{"allow":["GET"]}}],"collection":[{"href":"https:\/\/cosechamundial.org\/cm\/wp-json\/wp\/v2\/pages"}],"about":[{"href":"https:\/\/cosechamundial.org\/cm\/wp-json\/wp\/v2\/types\/page"}],"author":[{"embeddable":true,"href":"https:\/\/cosechamundial.org\/cm\/wp-json\/wp\/v2\/users\/1"}],"replies":[{"embeddable":true,"href":"https:\/\/cosechamundial.org\/cm\/wp-json\/wp\/v2\/comments?post=9613"}],"version-history":[{"count":4,"href":"https:\/\/cosechamundial.org\/cm\/wp-json\/wp\/v2\/pages\/9613\/revisions"}],"predecessor-version":[{"id":9618,"href":"https:\/\/cosechamundial.org\/cm\/wp-json\/wp\/v2\/pages\/9613\/revisions\/9618"}],"wp:attachment":[{"href":"https:\/\/cosechamundial.org\/cm\/wp-json\/wp\/v2\/media?parent=9613"}],"curies":[{"name":"wp","href":"https:\/\/api.w.org\/{rel}","templated":true}]}}